{"id":13740,"date":"2026-03-02T11:48:19","date_gmt":"2026-03-02T09:48:19","guid":{"rendered":"https:\/\/circular.berlin\/?page_id=13740"},"modified":"2026-03-03T00:30:43","modified_gmt":"2026-03-02T22:30:43","slug":"individual-community-membership-payment","status":"publish","type":"page","link":"https:\/\/circular.berlin\/de\/community\/individual-community-membership-payment\/","title":{"rendered":"Individual community membership payment"},"content":{"rendered":"<div class=\"wp-block-columns alignwide is-layout-flex wp-container-core-columns-is-layout-e0e4babd wp-block-columns-is-layout-flex\" style=\"padding-right:0;padding-left:0\">\n<div class=\"wp-block-column is-vertically-aligned-top is-layout-flow wp-block-column-is-layout-flow\" style=\"flex-basis:30%\">\n<figure class=\"wp-block-image size-full has-custom-border\"><img loading=\"lazy\" decoding=\"async\" width=\"1800\" height=\"1114\" src=\"https:\/\/circular.berlin\/wp-content\/uploads\/2020\/06\/community-membership_large.jpg\" alt=\"\" class=\"wp-image-7113\" style=\"border-radius:15px;aspect-ratio:4\/3;object-fit:cover\" srcset=\"https:\/\/circular.berlin\/wp-content\/uploads\/2020\/06\/community-membership_large.jpg 1800w, https:\/\/circular.berlin\/wp-content\/uploads\/2020\/06\/community-membership_large-18x12.jpg 18w, https:\/\/circular.berlin\/wp-content\/uploads\/2020\/06\/community-membership_large-300x186.jpg 300w, https:\/\/circular.berlin\/wp-content\/uploads\/2020\/06\/community-membership_large-768x475.jpg 768w, https:\/\/circular.berlin\/wp-content\/uploads\/2020\/06\/community-membership_large-1024x634.jpg 1024w, https:\/\/circular.berlin\/wp-content\/uploads\/2020\/06\/community-membership_large-1536x951.jpg 1536w\" sizes=\"auto, (max-width: 1800px) 100vw, 1800px\" \/><\/figure>\n\n\n\n<h2 class=\"wp-block-heading has-text-align-left\" style=\"font-style:normal;font-weight:600\">Werden Sie Mitglied bei uns ab 60 Euro pro Jahr.<\/h2>\n\n\n\n<p class=\"has-text-align-left has-medium-font-size\">Deine Unterst\u00fctzung erm\u00f6glicht langfristige, unabh\u00e4ngige Arbeit: Sie st\u00e4rkt Wandelgestaltende, f\u00f6rdert zirkul\u00e4re Politik und bringt reale Pilotprojekte in der Stadt auf den Weg.<\/p>\n<\/div>\n\n\n\n<div class=\"wp-block-column is-vertically-aligned-center is-layout-flow wp-block-column-is-layout-flow\" style=\"flex-basis:70%\">\n<p class=\"has-text-align-center has-small-font-size\">Indem du Mitglied wirst, erkl\u00e4rst du dich mit unserer <a href=\"https:\/\/circular.berlin\/de\/datenschutzerklarung\/\">Datenschutzerkl\u00e4rung<\/a> einverstanden und erkennst unsere <a href=\"https:\/\/circular.berlin\/de\/satzung\/\">Satzung an<\/a>.<\/p>\n\n\n\n<!-- twingle -->\n<iframe src=\"https:\/\/spenden.twingle.de\/circular-city-zirkulare-stadt-e-v\/individual-community-membership\/tw60474628232af\/form\" style=\"width: 100%; border: none; overflow: hidden; height: 450px; position: relative; z-index: 2;\" allow=\"payment\"><\/iframe>\n<script src=\"https:\/\/spenden.twingle.de\/embed\/generic\"><\/script>\n<!-- twingle -->\n<\/div>\n<\/div>","protected":false},"excerpt":{"rendered":"<p>Join us starting from 60 euro a year. Your support enables long-term, independent work: empowering changemakers, strengthening circular policies, and launching real-world pilots across the city. By becoming a member, you agree to our privacy policy and acknowledge our statutes.<\/p>","protected":false},"author":27,"featured_media":0,"parent":4838,"menu_order":0,"comment_status":"closed","ping_status":"closed","template":"","meta":{"_acf_changed":false,"footnotes":""},"unit":[],"class_list":["post-13740","page","type-page","status-publish","hentry"],"acf":[],"yoast_head":"<!-- This site is optimized with the Yoast SEO plugin v27.5 - https:\/\/yoast.com\/product\/yoast-seo-wordpress\/ -->\n<title>Individual community membership payment - Circular Berlin<\/title>\n<meta name=\"robots\" content=\"index, follow, max-snippet:-1, max-image-preview:large, max-video-preview:-1\" \/>\n<link rel=\"canonical\" href=\"https:\/\/circular.berlin\/de\/community\/individual-community-membership-payment\/\" \/>\n<meta property=\"og:locale\" content=\"de_DE\" \/>\n<meta property=\"og:type\" content=\"article\" \/>\n<meta property=\"og:title\" content=\"Individual community membership payment - Circular Berlin\" \/>\n<meta property=\"og:description\" content=\"Join us starting from 60 euro a year. Your support enables long-term, independent work: empowering changemakers, strengthening circular policies, and launching real-world pilots across the city. By becoming a member, you agree to our privacy policy and acknowledge our statutes.\" \/>\n<meta property=\"og:url\" content=\"https:\/\/circular.berlin\/de\/community\/individual-community-membership-payment\/\" \/>\n<meta property=\"og:site_name\" content=\"Circular Berlin\" \/>\n<meta property=\"article:publisher\" content=\"https:\/\/www.facebook.com\/circularBerlin\" \/>\n<meta property=\"article:modified_time\" content=\"2026-03-02T22:30:43+00:00\" \/>\n<meta property=\"og:image\" content=\"https:\/\/circular.berlin\/wp-content\/uploads\/2020\/06\/community-membership_large.jpg\" \/>\n\t<meta property=\"og:image:width\" content=\"1800\" \/>\n\t<meta property=\"og:image:height\" content=\"1114\" \/>\n\t<meta property=\"og:image:type\" content=\"image\/jpeg\" \/>\n<meta name=\"twitter:card\" content=\"summary_large_image\" \/>\n<meta name=\"twitter:label1\" content=\"Gesch\u00e4tzte Lesezeit\" \/>\n\t<meta name=\"twitter:data1\" content=\"1\u00a0Minute\" \/>\n<script type=\"application\/ld+json\" class=\"yoast-schema-graph\">{\"@context\":\"https:\\\/\\\/schema.org\",\"@graph\":[{\"@type\":\"WebPage\",\"@id\":\"https:\\\/\\\/circular.berlin\\\/community\\\/individual-community-membership-payment\\\/\",\"url\":\"https:\\\/\\\/circular.berlin\\\/community\\\/individual-community-membership-payment\\\/\",\"name\":\"Individual community membership payment - Circular Berlin\",\"isPartOf\":{\"@id\":\"https:\\\/\\\/circular.berlin\\\/#website\"},\"primaryImageOfPage\":{\"@id\":\"https:\\\/\\\/circular.berlin\\\/community\\\/individual-community-membership-payment\\\/#primaryimage\"},\"image\":{\"@id\":\"https:\\\/\\\/circular.berlin\\\/community\\\/individual-community-membership-payment\\\/#primaryimage\"},\"thumbnailUrl\":\"https:\\\/\\\/circular.berlin\\\/wp-content\\\/uploads\\\/2020\\\/06\\\/community-membership_large.jpg\",\"datePublished\":\"2026-03-02T09:48:19+00:00\",\"dateModified\":\"2026-03-02T22:30:43+00:00\",\"breadcrumb\":{\"@id\":\"https:\\\/\\\/circular.berlin\\\/community\\\/individual-community-membership-payment\\\/#breadcrumb\"},\"inLanguage\":\"de\",\"potentialAction\":[{\"@type\":\"ReadAction\",\"target\":[\"https:\\\/\\\/circular.berlin\\\/community\\\/individual-community-membership-payment\\\/\"]}]},{\"@type\":\"ImageObject\",\"inLanguage\":\"de\",\"@id\":\"https:\\\/\\\/circular.berlin\\\/community\\\/individual-community-membership-payment\\\/#primaryimage\",\"url\":\"https:\\\/\\\/circular.berlin\\\/wp-content\\\/uploads\\\/2020\\\/06\\\/community-membership_large.jpg\",\"contentUrl\":\"https:\\\/\\\/circular.berlin\\\/wp-content\\\/uploads\\\/2020\\\/06\\\/community-membership_large.jpg\"},{\"@type\":\"BreadcrumbList\",\"@id\":\"https:\\\/\\\/circular.berlin\\\/community\\\/individual-community-membership-payment\\\/#breadcrumb\",\"itemListElement\":[{\"@type\":\"ListItem\",\"position\":1,\"name\":\"Home\",\"item\":\"https:\\\/\\\/circular.berlin\\\/\"},{\"@type\":\"ListItem\",\"position\":2,\"name\":\"Community\",\"item\":\"https:\\\/\\\/circular.berlin\\\/community\\\/\"},{\"@type\":\"ListItem\",\"position\":3,\"name\":\"Individual community membership payment\"}]},{\"@type\":\"WebSite\",\"@id\":\"https:\\\/\\\/circular.berlin\\\/#website\",\"url\":\"https:\\\/\\\/circular.berlin\\\/\",\"name\":\"Circular Berlin\",\"description\":\"Accelerating Berlin\u2019s transition towards a circular city.\",\"publisher\":{\"@id\":\"https:\\\/\\\/circular.berlin\\\/#organization\"},\"potentialAction\":[{\"@type\":\"SearchAction\",\"target\":{\"@type\":\"EntryPoint\",\"urlTemplate\":\"https:\\\/\\\/circular.berlin\\\/?s={search_term_string}\"},\"query-input\":{\"@type\":\"PropertyValueSpecification\",\"valueRequired\":true,\"valueName\":\"search_term_string\"}}],\"inLanguage\":\"de\"},{\"@type\":\"Organization\",\"@id\":\"https:\\\/\\\/circular.berlin\\\/#organization\",\"name\":\"Circular Berlin\",\"url\":\"https:\\\/\\\/circular.berlin\\\/\",\"logo\":{\"@type\":\"ImageObject\",\"inLanguage\":\"de\",\"@id\":\"https:\\\/\\\/circular.berlin\\\/#\\\/schema\\\/logo\\\/image\\\/\",\"url\":\"https:\\\/\\\/circular.berlin\\\/wp-content\\\/uploads\\\/2026\\\/02\\\/CB_Logo.svg\",\"contentUrl\":\"https:\\\/\\\/circular.berlin\\\/wp-content\\\/uploads\\\/2026\\\/02\\\/CB_Logo.svg\",\"width\":452,\"height\":58,\"caption\":\"Circular Berlin\"},\"image\":{\"@id\":\"https:\\\/\\\/circular.berlin\\\/#\\\/schema\\\/logo\\\/image\\\/\"},\"sameAs\":[\"https:\\\/\\\/www.facebook.com\\\/circularBerlin\"]}]}<\/script>\n<!-- \/ Yoast SEO plugin. -->","yoast_head_json":{"title":"Individual community membership payment - Circular Berlin","robots":{"index":"index","follow":"follow","max-snippet":"max-snippet:-1","max-image-preview":"max-image-preview:large","max-video-preview":"max-video-preview:-1"},"canonical":"https:\/\/circular.berlin\/de\/community\/individual-community-membership-payment\/","og_locale":"de_DE","og_type":"article","og_title":"Individual community membership payment - Circular Berlin","og_description":"Join us starting from 60 euro a year. Your support enables long-term, independent work: empowering changemakers, strengthening circular policies, and launching real-world pilots across the city. By becoming a member, you agree to our privacy policy and acknowledge our statutes.","og_url":"https:\/\/circular.berlin\/de\/community\/individual-community-membership-payment\/","og_site_name":"Circular Berlin","article_publisher":"https:\/\/www.facebook.com\/circularBerlin","article_modified_time":"2026-03-02T22:30:43+00:00","og_image":[{"width":1800,"height":1114,"url":"https:\/\/circular.berlin\/wp-content\/uploads\/2020\/06\/community-membership_large.jpg","type":"image\/jpeg"}],"twitter_card":"summary_large_image","twitter_misc":{"Gesch\u00e4tzte Lesezeit":"1\u00a0Minute"},"schema":{"@context":"https:\/\/schema.org","@graph":[{"@type":"WebPage","@id":"https:\/\/circular.berlin\/community\/individual-community-membership-payment\/","url":"https:\/\/circular.berlin\/community\/individual-community-membership-payment\/","name":"Individual community membership payment - Circular Berlin","isPartOf":{"@id":"https:\/\/circular.berlin\/#website"},"primaryImageOfPage":{"@id":"https:\/\/circular.berlin\/community\/individual-community-membership-payment\/#primaryimage"},"image":{"@id":"https:\/\/circular.berlin\/community\/individual-community-membership-payment\/#primaryimage"},"thumbnailUrl":"https:\/\/circular.berlin\/wp-content\/uploads\/2020\/06\/community-membership_large.jpg","datePublished":"2026-03-02T09:48:19+00:00","dateModified":"2026-03-02T22:30:43+00:00","breadcrumb":{"@id":"https:\/\/circular.berlin\/community\/individual-community-membership-payment\/#breadcrumb"},"inLanguage":"de","potentialAction":[{"@type":"ReadAction","target":["https:\/\/circular.berlin\/community\/individual-community-membership-payment\/"]}]},{"@type":"ImageObject","inLanguage":"de","@id":"https:\/\/circular.berlin\/community\/individual-community-membership-payment\/#primaryimage","url":"https:\/\/circular.berlin\/wp-content\/uploads\/2020\/06\/community-membership_large.jpg","contentUrl":"https:\/\/circular.berlin\/wp-content\/uploads\/2020\/06\/community-membership_large.jpg"},{"@type":"BreadcrumbList","@id":"https:\/\/circular.berlin\/community\/individual-community-membership-payment\/#breadcrumb","itemListElement":[{"@type":"ListItem","position":1,"name":"Home","item":"https:\/\/circular.berlin\/"},{"@type":"ListItem","position":2,"name":"Community","item":"https:\/\/circular.berlin\/community\/"},{"@type":"ListItem","position":3,"name":"Individual community membership payment"}]},{"@type":"WebSite","@id":"https:\/\/circular.berlin\/#website","url":"https:\/\/circular.berlin\/","name":"Rundschreiben Berlin","description":"Beschleunigung des \u00dcbergangs Berlins zu einer kreisf\u00f6rmigen Stadt.","publisher":{"@id":"https:\/\/circular.berlin\/#organization"},"potentialAction":[{"@type":"SearchAction","target":{"@type":"EntryPoint","urlTemplate":"https:\/\/circular.berlin\/?s={search_term_string}"},"query-input":{"@type":"PropertyValueSpecification","valueRequired":true,"valueName":"search_term_string"}}],"inLanguage":"de"},{"@type":"Organization","@id":"https:\/\/circular.berlin\/#organization","name":"Rundschreiben Berlin","url":"https:\/\/circular.berlin\/","logo":{"@type":"ImageObject","inLanguage":"de","@id":"https:\/\/circular.berlin\/#\/schema\/logo\/image\/","url":"https:\/\/circular.berlin\/wp-content\/uploads\/2026\/02\/CB_Logo.svg","contentUrl":"https:\/\/circular.berlin\/wp-content\/uploads\/2026\/02\/CB_Logo.svg","width":452,"height":58,"caption":"Circular Berlin"},"image":{"@id":"https:\/\/circular.berlin\/#\/schema\/logo\/image\/"},"sameAs":["https:\/\/www.facebook.com\/circularBerlin"]}]}},"_links":{"self":[{"href":"https:\/\/circular.berlin\/de\/wp-json\/wp\/v2\/pages\/13740","targetHints":{"allow":["GET"]}}],"collection":[{"href":"https:\/\/circular.berlin\/de\/wp-json\/wp\/v2\/pages"}],"about":[{"href":"https:\/\/circular.berlin\/de\/wp-json\/wp\/v2\/types\/page"}],"author":[{"embeddable":true,"href":"https:\/\/circular.berlin\/de\/wp-json\/wp\/v2\/users\/27"}],"replies":[{"embeddable":true,"href":"https:\/\/circular.berlin\/de\/wp-json\/wp\/v2\/comments?post=13740"}],"version-history":[{"count":15,"href":"https:\/\/circular.berlin\/de\/wp-json\/wp\/v2\/pages\/13740\/revisions"}],"predecessor-version":[{"id":13812,"href":"https:\/\/circular.berlin\/de\/wp-json\/wp\/v2\/pages\/13740\/revisions\/13812"}],"up":[{"embeddable":true,"href":"https:\/\/circular.berlin\/de\/wp-json\/wp\/v2\/pages\/4838"}],"wp:attachment":[{"href":"https:\/\/circular.berlin\/de\/wp-json\/wp\/v2\/media?parent=13740"}],"wp:term":[{"taxonomy":"unit","embeddable":true,"href":"https:\/\/circular.berlin\/de\/wp-json\/wp\/v2\/unit?post=13740"}],"curies":[{"name":"wp","href":"https:\/\/api.w.org\/{rel}","templated":true}]}}