{"id":2434,"date":"2018-07-31T14:20:42","date_gmt":"2018-07-31T12:20:42","guid":{"rendered":"http:\/\/circular.berlin\/?page_id=2434"},"modified":"2026-03-02T17:10:58","modified_gmt":"2026-03-02T15:10:58","slug":"imprint","status":"publish","type":"page","link":"https:\/\/circular.berlin\/de\/imprint\/","title":{"rendered":"Impressum"},"content":{"rendered":"<h1 style=\"margin-top:var(--wp--preset--spacing--40);margin-bottom:var(--wp--preset--spacing--50);\" class=\"alignwide wp-block-post-title\">Imprint<\/h1>\n\n\n<div class=\"wp-block-group alignwide is-layout-flow wp-block-group-is-layout-flow\" style=\"margin-top:var(--wp--preset--spacing--50);margin-bottom:var(--wp--preset--spacing--50)\">\n<p><strong>Sitz<\/strong><\/p>\n\n\n\n<p>Circular City \u2013 Zirkul\u00e4re Stadt e.V.<br>Rheinsberger Stra\u00dfe 34<br>10435 Berlin<\/p>\n\n\n\n<p><strong>Vorstand<\/strong><\/p>\n\n\n\n<p>Dina Padalkina (Vorsitzender), Arianna Nicoletti (Zweiter Vorsitzender)<\/p>\n\n\n\n<p><strong>Zust\u00e4ndiges amtsgericht<\/strong><\/p>\n\n\n\n<p>Amtsgericht Charlottenburg<\/p>\n\n\n\n<p><strong>Eintragung im vereinsregister<\/strong><\/p>\n\n\n\n<p>Registergericht: Berlin-Charlottenburg<br>Registernummer: VR 37482 B<br>Gr\u00fcndungsjahr: 2019<\/p>\n\n\n\n<p><strong>Web<\/strong><\/p>\n\n\n\n<p>[https:\/\/] circular.berlin<\/p>\n\n\n\n<p><strong>Email<\/strong><\/p>\n\n\n\n<p>team [a] circular.berlin<\/p>\n\n\n\n<p><strong>Telefon<\/strong><\/p>\n\n\n\n<p>+49 (0) 159 01 434511<\/p>\n\n\n\n<hr class=\"wp-block-separator has-alpha-channel-opacity\"\/>\n\n\n\n<p><strong>Besucheradresse \/ Visitor address<\/strong><br>Boxhagener Strasse 18. c\/o St. Oberholz <\/p>\n<\/div>\n","protected":false},"excerpt":{"rendered":"<p>Sitz Circular City \u2013 Zirkul\u00e4re Stadt e.V.Rheinsberger Stra\u00dfe 3410435 Berlin Vorstand Dina Padalkina (Vorsitzender), Arianna Nicoletti (Zweiter Vorsitzender) Zust\u00e4ndiges amtsgericht Amtsgericht Charlottenburg Eintragung im vereinsregister Registergericht: Berlin-CharlottenburgRegisternummer: VR 37482 BGr\u00fcndungsjahr: 2019 Web [https:\/\/] circular.berlin Email team [a] circular.berlin Telefon +49 (0) 159 01 434511 Besucheradresse \/ Visitor addressBoxhagener Strasse 18. c\/o St. Oberholz<\/p>\n","protected":false},"author":1,"featured_media":0,"parent":0,"menu_order":19,"comment_status":"closed","ping_status":"closed","template":"","meta":{"_acf_changed":false,"footnotes":""},"unit":[],"class_list":["post-2434","page","type-page","status-publish","hentry"],"acf":[],"yoast_head":"<!-- This site is optimized with the Yoast SEO plugin v27.3 - https:\/\/yoast.com\/product\/yoast-seo-wordpress\/ -->\n<title>Imprint - Circular Berlin<\/title>\n<meta name=\"robots\" content=\"index, follow, max-snippet:-1, max-image-preview:large, max-video-preview:-1\" \/>\n<link rel=\"canonical\" href=\"https:\/\/circular.berlin\/de\/imprint\/\" \/>\n<meta property=\"og:locale\" content=\"de_DE\" \/>\n<meta property=\"og:type\" content=\"article\" \/>\n<meta property=\"og:title\" content=\"Imprint - Circular Berlin\" \/>\n<meta property=\"og:description\" content=\"Sitz Circular City \u2013 Zirkul\u00e4re Stadt e.V.Rheinsberger Stra\u00dfe 3410435 Berlin Vorstand Dina Padalkina (Vorsitzender), Arianna Nicoletti (Zweiter Vorsitzender) Zust\u00e4ndiges amtsgericht Amtsgericht Charlottenburg Eintragung im vereinsregister Registergericht: Berlin-CharlottenburgRegisternummer: VR 37482 BGr\u00fcndungsjahr: 2019 Web [https:\/\/] circular.berlin Email team [a] circular.berlin Telefon +49 (0) 159 01 434511 Besucheradresse \/ Visitor addressBoxhagener Strasse 18. c\/o St. Oberholz\" \/>\n<meta property=\"og:url\" content=\"https:\/\/circular.berlin\/de\/imprint\/\" \/>\n<meta property=\"og:site_name\" content=\"Circular Berlin\" \/>\n<meta property=\"article:publisher\" content=\"https:\/\/www.facebook.com\/circularBerlin\" \/>\n<meta property=\"article:modified_time\" content=\"2026-03-02T15:10:58+00:00\" \/>\n<meta name=\"twitter:card\" content=\"summary_large_image\" \/>\n<meta name=\"twitter:label1\" content=\"Gesch\u00e4tzte Lesezeit\" \/>\n\t<meta name=\"twitter:data1\" content=\"1\u00a0Minute\" \/>\n<script type=\"application\/ld+json\" class=\"yoast-schema-graph\">{\"@context\":\"https:\\\/\\\/schema.org\",\"@graph\":[{\"@type\":\"WebPage\",\"@id\":\"https:\\\/\\\/circular.berlin\\\/imprint\\\/\",\"url\":\"https:\\\/\\\/circular.berlin\\\/imprint\\\/\",\"name\":\"Imprint - Circular Berlin\",\"isPartOf\":{\"@id\":\"https:\\\/\\\/circular.berlin\\\/#website\"},\"datePublished\":\"2018-07-31T12:20:42+00:00\",\"dateModified\":\"2026-03-02T15:10:58+00:00\",\"breadcrumb\":{\"@id\":\"https:\\\/\\\/circular.berlin\\\/imprint\\\/#breadcrumb\"},\"inLanguage\":\"de\",\"potentialAction\":[{\"@type\":\"ReadAction\",\"target\":[\"https:\\\/\\\/circular.berlin\\\/imprint\\\/\"]}]},{\"@type\":\"BreadcrumbList\",\"@id\":\"https:\\\/\\\/circular.berlin\\\/imprint\\\/#breadcrumb\",\"itemListElement\":[{\"@type\":\"ListItem\",\"position\":1,\"name\":\"Home\",\"item\":\"https:\\\/\\\/circular.berlin\\\/\"},{\"@type\":\"ListItem\",\"position\":2,\"name\":\"Imprint\"}]},{\"@type\":\"WebSite\",\"@id\":\"https:\\\/\\\/circular.berlin\\\/#website\",\"url\":\"https:\\\/\\\/circular.berlin\\\/\",\"name\":\"Circular Berlin\",\"description\":\"Accelerating Berlin\u2019s transition towards a circular city.\",\"publisher\":{\"@id\":\"https:\\\/\\\/circular.berlin\\\/#organization\"},\"potentialAction\":[{\"@type\":\"SearchAction\",\"target\":{\"@type\":\"EntryPoint\",\"urlTemplate\":\"https:\\\/\\\/circular.berlin\\\/?s={search_term_string}\"},\"query-input\":{\"@type\":\"PropertyValueSpecification\",\"valueRequired\":true,\"valueName\":\"search_term_string\"}}],\"inLanguage\":\"de\"},{\"@type\":\"Organization\",\"@id\":\"https:\\\/\\\/circular.berlin\\\/#organization\",\"name\":\"Circular Berlin\",\"url\":\"https:\\\/\\\/circular.berlin\\\/\",\"logo\":{\"@type\":\"ImageObject\",\"inLanguage\":\"de\",\"@id\":\"https:\\\/\\\/circular.berlin\\\/#\\\/schema\\\/logo\\\/image\\\/\",\"url\":\"https:\\\/\\\/circular.berlin\\\/wp-content\\\/uploads\\\/2026\\\/02\\\/CB_Logo.svg\",\"contentUrl\":\"https:\\\/\\\/circular.berlin\\\/wp-content\\\/uploads\\\/2026\\\/02\\\/CB_Logo.svg\",\"width\":452,\"height\":58,\"caption\":\"Circular Berlin\"},\"image\":{\"@id\":\"https:\\\/\\\/circular.berlin\\\/#\\\/schema\\\/logo\\\/image\\\/\"},\"sameAs\":[\"https:\\\/\\\/www.facebook.com\\\/circularBerlin\"]}]}<\/script>\n<!-- \/ Yoast SEO plugin. -->","yoast_head_json":{"title":"Imprint - Circular Berlin","robots":{"index":"index","follow":"follow","max-snippet":"max-snippet:-1","max-image-preview":"max-image-preview:large","max-video-preview":"max-video-preview:-1"},"canonical":"https:\/\/circular.berlin\/de\/imprint\/","og_locale":"de_DE","og_type":"article","og_title":"Imprint - Circular Berlin","og_description":"Sitz Circular City \u2013 Zirkul\u00e4re Stadt e.V.Rheinsberger Stra\u00dfe 3410435 Berlin Vorstand Dina Padalkina (Vorsitzender), Arianna Nicoletti (Zweiter Vorsitzender) Zust\u00e4ndiges amtsgericht Amtsgericht Charlottenburg Eintragung im vereinsregister Registergericht: Berlin-CharlottenburgRegisternummer: VR 37482 BGr\u00fcndungsjahr: 2019 Web [https:\/\/] circular.berlin Email team [a] circular.berlin Telefon +49 (0) 159 01 434511 Besucheradresse \/ Visitor addressBoxhagener Strasse 18. c\/o St. Oberholz","og_url":"https:\/\/circular.berlin\/de\/imprint\/","og_site_name":"Circular Berlin","article_publisher":"https:\/\/www.facebook.com\/circularBerlin","article_modified_time":"2026-03-02T15:10:58+00:00","twitter_card":"summary_large_image","twitter_misc":{"Gesch\u00e4tzte Lesezeit":"1\u00a0Minute"},"schema":{"@context":"https:\/\/schema.org","@graph":[{"@type":"WebPage","@id":"https:\/\/circular.berlin\/imprint\/","url":"https:\/\/circular.berlin\/imprint\/","name":"Imprint - Circular Berlin","isPartOf":{"@id":"https:\/\/circular.berlin\/#website"},"datePublished":"2018-07-31T12:20:42+00:00","dateModified":"2026-03-02T15:10:58+00:00","breadcrumb":{"@id":"https:\/\/circular.berlin\/imprint\/#breadcrumb"},"inLanguage":"de","potentialAction":[{"@type":"ReadAction","target":["https:\/\/circular.berlin\/imprint\/"]}]},{"@type":"BreadcrumbList","@id":"https:\/\/circular.berlin\/imprint\/#breadcrumb","itemListElement":[{"@type":"ListItem","position":1,"name":"Home","item":"https:\/\/circular.berlin\/"},{"@type":"ListItem","position":2,"name":"Imprint"}]},{"@type":"WebSite","@id":"https:\/\/circular.berlin\/#website","url":"https:\/\/circular.berlin\/","name":"Rundschreiben Berlin","description":"Beschleunigung des \u00dcbergangs Berlins zu einer kreisf\u00f6rmigen Stadt.","publisher":{"@id":"https:\/\/circular.berlin\/#organization"},"potentialAction":[{"@type":"SearchAction","target":{"@type":"EntryPoint","urlTemplate":"https:\/\/circular.berlin\/?s={search_term_string}"},"query-input":{"@type":"PropertyValueSpecification","valueRequired":true,"valueName":"search_term_string"}}],"inLanguage":"de"},{"@type":"Organization","@id":"https:\/\/circular.berlin\/#organization","name":"Rundschreiben Berlin","url":"https:\/\/circular.berlin\/","logo":{"@type":"ImageObject","inLanguage":"de","@id":"https:\/\/circular.berlin\/#\/schema\/logo\/image\/","url":"https:\/\/circular.berlin\/wp-content\/uploads\/2026\/02\/CB_Logo.svg","contentUrl":"https:\/\/circular.berlin\/wp-content\/uploads\/2026\/02\/CB_Logo.svg","width":452,"height":58,"caption":"Circular Berlin"},"image":{"@id":"https:\/\/circular.berlin\/#\/schema\/logo\/image\/"},"sameAs":["https:\/\/www.facebook.com\/circularBerlin"]}]}},"_links":{"self":[{"href":"https:\/\/circular.berlin\/de\/wp-json\/wp\/v2\/pages\/2434","targetHints":{"allow":["GET"]}}],"collection":[{"href":"https:\/\/circular.berlin\/de\/wp-json\/wp\/v2\/pages"}],"about":[{"href":"https:\/\/circular.berlin\/de\/wp-json\/wp\/v2\/types\/page"}],"author":[{"embeddable":true,"href":"https:\/\/circular.berlin\/de\/wp-json\/wp\/v2\/users\/1"}],"replies":[{"embeddable":true,"href":"https:\/\/circular.berlin\/de\/wp-json\/wp\/v2\/comments?post=2434"}],"version-history":[{"count":17,"href":"https:\/\/circular.berlin\/de\/wp-json\/wp\/v2\/pages\/2434\/revisions"}],"predecessor-version":[{"id":13765,"href":"https:\/\/circular.berlin\/de\/wp-json\/wp\/v2\/pages\/2434\/revisions\/13765"}],"wp:attachment":[{"href":"https:\/\/circular.berlin\/de\/wp-json\/wp\/v2\/media?parent=2434"}],"wp:term":[{"taxonomy":"unit","embeddable":true,"href":"https:\/\/circular.berlin\/de\/wp-json\/wp\/v2\/unit?post=2434"}],"curies":[{"name":"wp","href":"https:\/\/api.w.org\/{rel}","templated":true}]}}