{"id":4838,"date":"2019-08-28T15:44:58","date_gmt":"2019-08-28T13:44:58","guid":{"rendered":"http:\/\/circular.berlin\/?page_id=4838"},"modified":"2026-02-01T19:25:08","modified_gmt":"2026-02-01T17:25:08","slug":"community","status":"publish","type":"page","link":"https:\/\/circular.berlin\/de\/community\/","title":{"rendered":"Community"},"content":{"rendered":"<div class=\"wp-block-group alignfull pos-relative has-global-padding is-layout-constrained wp-block-group-is-layout-constrained\" style=\"padding-top:var(--wp--preset--spacing--50)\">\n<div class=\"wp-block-columns alignwide are-vertically-aligned-center is-layout-flex wp-container-core-columns-is-layout-28f84493 wp-block-columns-is-layout-flex\">\n<div class=\"wp-block-column is-vertically-aligned-center z-3 is-layout-flow wp-block-column-is-layout-flow\">\n<h1 class=\"wp-block-heading\" style=\"font-style:normal;font-weight:500\"><strong>Der zirkul\u00e4re Wandel geschieht durch Menschen.<\/strong><\/h1>\n\n\n\n<p class=\"has-text-align-left has-medium-font-size\">Wir bauen eine Community auf, die die zirkul\u00e4re Wirtschaft in unserer Stadt \u2013 und dar\u00fcber hinaus \u2013 st\u00e4rkt.<\/p>\n\n\n\n<p class=\"has-text-align-left has-medium-font-size\">Unsere Mitglieder sind Changemaker, von Designern und Forschern bis hin zu Unternehmern und politischen Entscheidungstr\u00e4gern, die alle daran arbeiten, die Kreislaufwirtschaft in Berlin Wirklichkeit werden zu lassen.<\/p>\n<\/div>\n\n\n\n<div class=\"wp-block-column is-vertically-aligned-center z-1 is-layout-flow wp-block-column-is-layout-flow\">\n<figure class=\"wp-block-image size-large has-custom-border\"><img loading=\"lazy\" decoding=\"async\" width=\"1024\" height=\"582\" src=\"https:\/\/circular.berlin\/wp-content\/uploads\/2025\/09\/filipe-varela-1AfnsepVhJQ-unsplash-1-1024x582.jpg\" alt=\"\" class=\"wp-image-10880\" style=\"border-radius:15px;aspect-ratio:1;object-fit:cover\" srcset=\"https:\/\/circular.berlin\/wp-content\/uploads\/2025\/09\/filipe-varela-1AfnsepVhJQ-unsplash-1-1024x582.jpg 1024w, https:\/\/circular.berlin\/wp-content\/uploads\/2025\/09\/filipe-varela-1AfnsepVhJQ-unsplash-1-300x170.jpg 300w, https:\/\/circular.berlin\/wp-content\/uploads\/2025\/09\/filipe-varela-1AfnsepVhJQ-unsplash-1-768x436.jpg 768w, https:\/\/circular.berlin\/wp-content\/uploads\/2025\/09\/filipe-varela-1AfnsepVhJQ-unsplash-1-1536x873.jpg 1536w, https:\/\/circular.berlin\/wp-content\/uploads\/2025\/09\/filipe-varela-1AfnsepVhJQ-unsplash-1-18x10.jpg 18w, https:\/\/circular.berlin\/wp-content\/uploads\/2025\/09\/filipe-varela-1AfnsepVhJQ-unsplash-1.jpg 1920w\" sizes=\"auto, (max-width: 1024px) 100vw, 1024px\" \/><\/figure>\n<\/div>\n<\/div>\n\n\n\n<figure class=\"wp-block-image alignfull size-large loop-lightblue-header pos-absolute z-2\" style=\"margin-top:0;margin-bottom:0\"><img loading=\"lazy\" decoding=\"async\" width=\"1920\" height=\"1205\" src=\"https:\/\/circular.berlin\/wp-content\/uploads\/2025\/09\/Vector-1.svg\" alt=\"\" class=\"wp-image-11023\"\/><\/figure>\n<\/div>\n\n\n\n<div class=\"wp-block-columns alignwide is-layout-flex wp-container-core-columns-is-layout-2d5df727 wp-block-columns-is-layout-flex\" style=\"margin-top:var(--wp--preset--spacing--60);margin-bottom:var(--wp--preset--spacing--60)\">\n<div class=\"wp-block-column is-vertically-aligned-stretch has-base-color has-accent-2-background-color has-text-color has-background has-link-color wp-elements-2c225aa95882b1fe86e2497cc5503768 is-layout-flow wp-block-column-is-layout-flow\" style=\"border-radius:15px\">\n<figure class=\"wp-block-image size-large\"><img loading=\"lazy\" decoding=\"async\" width=\"1024\" height=\"660\" src=\"https:\/\/circular.berlin\/wp-content\/uploads\/2025\/09\/getty-images-gmPM-G-AgxM-unsplash-1024x660.png\" alt=\"\" class=\"wp-image-10960\" srcset=\"https:\/\/circular.berlin\/wp-content\/uploads\/2025\/09\/getty-images-gmPM-G-AgxM-unsplash-1024x660.png 1024w, https:\/\/circular.berlin\/wp-content\/uploads\/2025\/09\/getty-images-gmPM-G-AgxM-unsplash-300x193.png 300w, https:\/\/circular.berlin\/wp-content\/uploads\/2025\/09\/getty-images-gmPM-G-AgxM-unsplash-768x495.png 768w, https:\/\/circular.berlin\/wp-content\/uploads\/2025\/09\/getty-images-gmPM-G-AgxM-unsplash-18x12.png 18w, https:\/\/circular.berlin\/wp-content\/uploads\/2025\/09\/getty-images-gmPM-G-AgxM-unsplash.png 1148w\" sizes=\"auto, (max-width: 1024px) 100vw, 1024px\" \/><\/figure>\n\n\n\n<div class=\"wp-block-group has-global-padding is-layout-constrained wp-container-core-group-is-layout-c385debf wp-block-group-is-layout-constrained\" style=\"padding-top:var(--wp--preset--spacing--20);padding-right:var(--wp--preset--spacing--20);padding-bottom:var(--wp--preset--spacing--20);padding-left:var(--wp--preset--spacing--20)\">\n<h3 class=\"wp-block-heading\" style=\"font-style:normal;font-weight:600\">Unsere Mitglieder<\/h3>\n\n\n\n<p class=\"has-small-font-size\">Wir bringen unterschiedliche F\u00e4higkeiten und Hintergr\u00fcnde zusammen - vereint durch ein gemeinsames Engagement f\u00fcr den Systemwandel. Lernen Sie die Menschen hinter den Programmen kennen.<\/p>\n\n\n\n<div class=\"wp-block-buttons is-layout-flex wp-block-buttons-is-layout-flex\">\n<div class=\"wp-block-button is-style-arrow-only is-style-arrow-only--1\"><a class=\"wp-block-button__link has-accent-1-background-color has-background wp-element-button\" style=\"padding-top:0;padding-right:0;padding-bottom:0;padding-left:0\">Mehr lesen<\/a><\/div>\n<\/div>\n<\/div>\n<\/div>\n\n\n\n<div class=\"wp-block-column is-vertically-aligned-stretch has-base-color has-accent-2-background-color has-text-color has-background has-link-color wp-elements-47b3f385646e49aba160cd7449187d3a is-layout-flow wp-block-column-is-layout-flow\" style=\"border-radius:15px\">\n<figure class=\"wp-block-image size-large\"><img loading=\"lazy\" decoding=\"async\" width=\"1024\" height=\"660\" src=\"https:\/\/circular.berlin\/wp-content\/uploads\/2025\/09\/getty-images-gmPM-G-AgxM-unsplash-1024x660.png\" alt=\"\" class=\"wp-image-10960\" srcset=\"https:\/\/circular.berlin\/wp-content\/uploads\/2025\/09\/getty-images-gmPM-G-AgxM-unsplash-1024x660.png 1024w, https:\/\/circular.berlin\/wp-content\/uploads\/2025\/09\/getty-images-gmPM-G-AgxM-unsplash-300x193.png 300w, https:\/\/circular.berlin\/wp-content\/uploads\/2025\/09\/getty-images-gmPM-G-AgxM-unsplash-768x495.png 768w, https:\/\/circular.berlin\/wp-content\/uploads\/2025\/09\/getty-images-gmPM-G-AgxM-unsplash-18x12.png 18w, https:\/\/circular.berlin\/wp-content\/uploads\/2025\/09\/getty-images-gmPM-G-AgxM-unsplash.png 1148w\" sizes=\"auto, (max-width: 1024px) 100vw, 1024px\" \/><\/figure>\n\n\n\n<div class=\"wp-block-group has-global-padding is-layout-constrained wp-container-core-group-is-layout-c385debf wp-block-group-is-layout-constrained\" style=\"padding-top:var(--wp--preset--spacing--20);padding-right:var(--wp--preset--spacing--20);padding-bottom:var(--wp--preset--spacing--20);padding-left:var(--wp--preset--spacing--20)\">\n<h3 class=\"wp-block-heading\" style=\"font-style:normal;font-weight:600\">Unser \u00d6kosystem<\/h3>\n\n\n\n<p class=\"has-small-font-size\">Von politischen Vorschl\u00e4gen bis zu Pilotprojekten, von kommunalen Schulungen bis zu sektor\u00fcbergreifenden Allianzen - unsere Arbeit schafft messbare Ergebnisse, die Strukturen und Denkweisen ver\u00e4ndern.<\/p>\n\n\n\n<div class=\"wp-block-buttons is-layout-flex wp-block-buttons-is-layout-flex\">\n<div class=\"wp-block-button is-style-arrow-only is-style-arrow-only--2\"><a class=\"wp-block-button__link has-accent-1-background-color has-background wp-element-button\" style=\"padding-top:0;padding-right:0;padding-bottom:0;padding-left:0\">Mehr lesen<\/a><\/div>\n<\/div>\n<\/div>\n<\/div>\n<\/div>\n\n\n\n<section class=\"wp-block-group alignwide has-global-padding is-layout-constrained wp-block-group-is-layout-constrained\" style=\"padding-top:0;padding-bottom:var(--wp--preset--spacing--60)\">\n<h2 class=\"wp-block-heading has-text-align-center\" style=\"margin-top:var(--wp--preset--spacing--50);margin-bottom:var(--wp--preset--spacing--50);font-style:normal;font-weight:500\">Kommende Veranstaltungen<\/h2>\n\n\n\n<div data-qllm-query-region=\"1\" class=\"wp-block-query alignwide is-layout-flow wp-block-query-is-layout-flow\"><ul style=\"padding-top:0;padding-bottom:0;padding-left:0;padding-right:0;\" class=\"wp-block-post-template is-layout-flow wp-container-core-post-template-is-layout-687a99b4 wp-block-post-template-is-layout-flow\"><li class=\"wp-block-post post-13565 event type-event status-publish hentry unit-circular-governance\">\n\n<div class=\"wp-block-columns are-vertically-aligned-center has-accent-1-background-color has-background is-layout-flex wp-container-core-columns-is-layout-df4153ac wp-block-columns-is-layout-flex\" style=\"border-radius:15px;margin-top:var(--wp--preset--spacing--20);margin-bottom:var(--wp--preset--spacing--20);padding-top:var(--wp--preset--spacing--20);padding-right:var(--wp--preset--spacing--30);padding-bottom:var(--wp--preset--spacing--20);padding-left:var(--wp--preset--spacing--30)\">\n<div class=\"wp-block-column is-vertically-aligned-center is-layout-flow wp-block-column-is-layout-flow\" style=\"flex-basis:12%\"><p class=\"field-date wp-block-acf-field-blocks-acf-text\"><span class=\"value\">24.03.2026<\/span><\/p><\/div>\n\n\n\n<div class=\"wp-block-column is-vertically-aligned-center is-layout-flow wp-block-column-is-layout-flow\" style=\"flex-basis:40%\"><h3 style=\"font-style:normal;font-weight:500;\" class=\"wp-block-post-title has-medium-font-size\">Vorstellung des Berichts \u201eKreislauff\u00e4higkeit des Geb\u00e4udesektors<\/h3><\/div>\n\n\n\n<div class=\"wp-block-column is-vertically-aligned-center is-layout-flow wp-block-column-is-layout-flow\" style=\"flex-basis:25%\"><p class=\"field-location wp-block-acf-field-blocks-acf-text\"><span class=\"value\">online<\/span><\/p><\/div>\n\n\n\n<div class=\"wp-block-column is-vertically-aligned-center is-layout-flow wp-block-column-is-layout-flow\" style=\"flex-basis:25%\">\n<div class=\"wp-block-buttons is-content-justification-right is-nowrap is-layout-flex wp-container-core-buttons-is-layout-5355fa85 wp-block-buttons-is-layout-flex\">\n<div class=\"wp-block-button\"><a class=\"wp-block-button__link has-base-background-color has-background has-small-font-size has-custom-font-size wp-element-button\" style=\"border-radius:15px;padding-top:var(--wp--preset--spacing--20);padding-right:var(--wp--preset--spacing--20);padding-bottom:var(--wp--preset--spacing--20);padding-left:var(--wp--preset--spacing--20)\">Anmeldung<\/a><\/div>\n<\/div>\n<\/div>\n<\/div>\n\n<\/li><li class=\"wp-block-post post-13564 event type-event status-publish hentry unit-circular-culture unit-circular-market\">\n\n<div class=\"wp-block-columns are-vertically-aligned-center has-accent-1-background-color has-background is-layout-flex wp-container-core-columns-is-layout-df4153ac wp-block-columns-is-layout-flex\" style=\"border-radius:15px;margin-top:var(--wp--preset--spacing--20);margin-bottom:var(--wp--preset--spacing--20);padding-top:var(--wp--preset--spacing--20);padding-right:var(--wp--preset--spacing--30);padding-bottom:var(--wp--preset--spacing--20);padding-left:var(--wp--preset--spacing--30)\">\n<div class=\"wp-block-column is-vertically-aligned-center is-layout-flow wp-block-column-is-layout-flow\" style=\"flex-basis:12%\"><p class=\"field-date wp-block-acf-field-blocks-acf-text\"><span class=\"value\">31.03.2026<\/span><\/p><\/div>\n\n\n\n<div class=\"wp-block-column is-vertically-aligned-center is-layout-flow wp-block-column-is-layout-flow\" style=\"flex-basis:40%\"><h3 style=\"font-style:normal;font-weight:500;\" class=\"wp-block-post-title has-medium-font-size\">Circular Talk \u201cBildung in der Kreislaufwirtschaft\u201d<\/h3><\/div>\n\n\n\n<div class=\"wp-block-column is-vertically-aligned-center is-layout-flow wp-block-column-is-layout-flow\" style=\"flex-basis:25%\"><p class=\"field-location wp-block-acf-field-blocks-acf-text\"><span class=\"value\">FABRIC - Future Fashion LabHamburg<\/span><\/p><\/div>\n\n\n\n<div class=\"wp-block-column is-vertically-aligned-center is-layout-flow wp-block-column-is-layout-flow\" style=\"flex-basis:25%\">\n<div class=\"wp-block-buttons is-content-justification-right is-nowrap is-layout-flex wp-container-core-buttons-is-layout-5355fa85 wp-block-buttons-is-layout-flex\">\n<div class=\"wp-block-button\"><a class=\"wp-block-button__link has-base-background-color has-background has-small-font-size has-custom-font-size wp-element-button\" style=\"border-radius:15px;padding-top:var(--wp--preset--spacing--20);padding-right:var(--wp--preset--spacing--20);padding-bottom:var(--wp--preset--spacing--20);padding-left:var(--wp--preset--spacing--20)\">Anmeldung<\/a><\/div>\n<\/div>\n<\/div>\n<\/div>\n\n<\/li><li class=\"wp-block-post post-13563 event type-event status-publish hentry unit-circular-culture unit-circular-governance unit-circular-market\">\n\n<div class=\"wp-block-columns are-vertically-aligned-center has-accent-1-background-color has-background is-layout-flex wp-container-core-columns-is-layout-df4153ac wp-block-columns-is-layout-flex\" style=\"border-radius:15px;margin-top:var(--wp--preset--spacing--20);margin-bottom:var(--wp--preset--spacing--20);padding-top:var(--wp--preset--spacing--20);padding-right:var(--wp--preset--spacing--30);padding-bottom:var(--wp--preset--spacing--20);padding-left:var(--wp--preset--spacing--30)\">\n<div class=\"wp-block-column is-vertically-aligned-center is-layout-flow wp-block-column-is-layout-flow\" style=\"flex-basis:12%\"><p class=\"field-date wp-block-acf-field-blocks-acf-text\"><span class=\"value\">26.03.2026<\/span><\/p><\/div>\n\n\n\n<div class=\"wp-block-column is-vertically-aligned-center is-layout-flow wp-block-column-is-layout-flow\" style=\"flex-basis:40%\"><h3 style=\"font-style:normal;font-weight:500;\" class=\"wp-block-post-title has-medium-font-size\">Kreislaufwirtschaft durch Design: Aus Dienstleistungen wird Wirkung<\/h3><\/div>\n\n\n\n<div class=\"wp-block-column is-vertically-aligned-center is-layout-flow wp-block-column-is-layout-flow\" style=\"flex-basis:25%\"><p class=\"field-location wp-block-acf-field-blocks-acf-text\"><span class=\"value\">Engelnest Berlin<\/span><\/p><\/div>\n\n\n\n<div class=\"wp-block-column is-vertically-aligned-center is-layout-flow wp-block-column-is-layout-flow\" style=\"flex-basis:25%\">\n<div class=\"wp-block-buttons is-content-justification-right is-nowrap is-layout-flex wp-container-core-buttons-is-layout-5355fa85 wp-block-buttons-is-layout-flex\">\n<div class=\"wp-block-button\"><a class=\"wp-block-button__link has-base-background-color has-background has-small-font-size has-custom-font-size wp-element-button\" style=\"border-radius:15px;padding-top:var(--wp--preset--spacing--20);padding-right:var(--wp--preset--spacing--20);padding-bottom:var(--wp--preset--spacing--20);padding-left:var(--wp--preset--spacing--20)\">Anmeldung<\/a><\/div>\n<\/div>\n<\/div>\n<\/div>\n\n<\/li><\/ul>\n\n<\/div>\n<\/section>","protected":false},"excerpt":{"rendered":"<p>Circular transformation happens through people. We are building a community to foster the Circular Economy in our city and beyond. Our members are changemakers,\u00a0 from designers and researchers to entrepreneurs and policymakers, all working to make Berlin\u2019s circular transition a reality. Our Members We bring together diverse skills and backgrounds \u2014 united by a shared [&hellip;]<\/p>\n","protected":false},"author":15,"featured_media":0,"parent":0,"menu_order":0,"comment_status":"closed","ping_status":"closed","template":"page-no-title","meta":{"_acf_changed":false,"footnotes":""},"unit":[],"class_list":["post-4838","page","type-page","status-publish","hentry"],"acf":[],"yoast_head":"<!-- This site is optimized with the Yoast SEO plugin v27.3 - https:\/\/yoast.com\/product\/yoast-seo-wordpress\/ -->\n<title>Community - Circular Berlin<\/title>\n<meta name=\"robots\" content=\"index, follow, max-snippet:-1, max-image-preview:large, max-video-preview:-1\" \/>\n<link rel=\"canonical\" href=\"https:\/\/circular.berlin\/de\/community\/\" \/>\n<meta property=\"og:locale\" content=\"de_DE\" \/>\n<meta property=\"og:type\" content=\"article\" \/>\n<meta property=\"og:title\" content=\"Community - Circular Berlin\" \/>\n<meta property=\"og:description\" content=\"Circular transformation happens through people. We are building a community to foster the Circular Economy in our city and beyond. Our members are changemakers,\u00a0 from designers and researchers to entrepreneurs and policymakers, all working to make Berlin\u2019s circular transition a reality. Our Members We bring together diverse skills and backgrounds \u2014 united by a shared [&hellip;]\" \/>\n<meta property=\"og:url\" content=\"https:\/\/circular.berlin\/de\/community\/\" \/>\n<meta property=\"og:site_name\" content=\"Circular Berlin\" \/>\n<meta property=\"article:publisher\" content=\"https:\/\/www.facebook.com\/circularBerlin\" \/>\n<meta property=\"article:modified_time\" content=\"2026-02-01T17:25:08+00:00\" \/>\n<meta property=\"og:image\" content=\"https:\/\/circular.berlin\/wp-content\/uploads\/2025\/09\/filipe-varela-1AfnsepVhJQ-unsplash-1.jpg\" \/>\n\t<meta property=\"og:image:width\" content=\"1920\" \/>\n\t<meta property=\"og:image:height\" content=\"1091\" \/>\n\t<meta property=\"og:image:type\" content=\"image\/jpeg\" \/>\n<meta name=\"twitter:card\" content=\"summary_large_image\" \/>\n<meta name=\"twitter:label1\" content=\"Gesch\u00e4tzte Lesezeit\" \/>\n\t<meta name=\"twitter:data1\" content=\"2\u00a0Minuten\" \/>\n<script type=\"application\/ld+json\" class=\"yoast-schema-graph\">{\"@context\":\"https:\\\/\\\/schema.org\",\"@graph\":[{\"@type\":\"WebPage\",\"@id\":\"https:\\\/\\\/circular.berlin\\\/community\\\/\",\"url\":\"https:\\\/\\\/circular.berlin\\\/community\\\/\",\"name\":\"Community - Circular Berlin\",\"isPartOf\":{\"@id\":\"https:\\\/\\\/circular.berlin\\\/#website\"},\"primaryImageOfPage\":{\"@id\":\"https:\\\/\\\/circular.berlin\\\/community\\\/#primaryimage\"},\"image\":{\"@id\":\"https:\\\/\\\/circular.berlin\\\/community\\\/#primaryimage\"},\"thumbnailUrl\":\"https:\\\/\\\/circular.berlin\\\/wp-content\\\/uploads\\\/2025\\\/09\\\/filipe-varela-1AfnsepVhJQ-unsplash-1-1024x582.jpg\",\"datePublished\":\"2019-08-28T13:44:58+00:00\",\"dateModified\":\"2026-02-01T17:25:08+00:00\",\"breadcrumb\":{\"@id\":\"https:\\\/\\\/circular.berlin\\\/community\\\/#breadcrumb\"},\"inLanguage\":\"de\",\"potentialAction\":[{\"@type\":\"ReadAction\",\"target\":[\"https:\\\/\\\/circular.berlin\\\/community\\\/\"]}]},{\"@type\":\"ImageObject\",\"inLanguage\":\"de\",\"@id\":\"https:\\\/\\\/circular.berlin\\\/community\\\/#primaryimage\",\"url\":\"https:\\\/\\\/circular.berlin\\\/wp-content\\\/uploads\\\/2025\\\/09\\\/filipe-varela-1AfnsepVhJQ-unsplash-1-1024x582.jpg\",\"contentUrl\":\"https:\\\/\\\/circular.berlin\\\/wp-content\\\/uploads\\\/2025\\\/09\\\/filipe-varela-1AfnsepVhJQ-unsplash-1-1024x582.jpg\"},{\"@type\":\"BreadcrumbList\",\"@id\":\"https:\\\/\\\/circular.berlin\\\/community\\\/#breadcrumb\",\"itemListElement\":[{\"@type\":\"ListItem\",\"position\":1,\"name\":\"Home\",\"item\":\"https:\\\/\\\/circular.berlin\\\/\"},{\"@type\":\"ListItem\",\"position\":2,\"name\":\"Community\"}]},{\"@type\":\"WebSite\",\"@id\":\"https:\\\/\\\/circular.berlin\\\/#website\",\"url\":\"https:\\\/\\\/circular.berlin\\\/\",\"name\":\"Circular Berlin\",\"description\":\"Accelerating Berlin\u2019s transition towards a circular city.\",\"publisher\":{\"@id\":\"https:\\\/\\\/circular.berlin\\\/#organization\"},\"potentialAction\":[{\"@type\":\"SearchAction\",\"target\":{\"@type\":\"EntryPoint\",\"urlTemplate\":\"https:\\\/\\\/circular.berlin\\\/?s={search_term_string}\"},\"query-input\":{\"@type\":\"PropertyValueSpecification\",\"valueRequired\":true,\"valueName\":\"search_term_string\"}}],\"inLanguage\":\"de\"},{\"@type\":\"Organization\",\"@id\":\"https:\\\/\\\/circular.berlin\\\/#organization\",\"name\":\"Circular Berlin\",\"url\":\"https:\\\/\\\/circular.berlin\\\/\",\"logo\":{\"@type\":\"ImageObject\",\"inLanguage\":\"de\",\"@id\":\"https:\\\/\\\/circular.berlin\\\/#\\\/schema\\\/logo\\\/image\\\/\",\"url\":\"https:\\\/\\\/circular.berlin\\\/wp-content\\\/uploads\\\/2026\\\/02\\\/CB_Logo.svg\",\"contentUrl\":\"https:\\\/\\\/circular.berlin\\\/wp-content\\\/uploads\\\/2026\\\/02\\\/CB_Logo.svg\",\"width\":452,\"height\":58,\"caption\":\"Circular Berlin\"},\"image\":{\"@id\":\"https:\\\/\\\/circular.berlin\\\/#\\\/schema\\\/logo\\\/image\\\/\"},\"sameAs\":[\"https:\\\/\\\/www.facebook.com\\\/circularBerlin\"]}]}<\/script>\n<!-- \/ Yoast SEO plugin. -->","yoast_head_json":{"title":"Gemeinschaft - Rund um Berlin","robots":{"index":"index","follow":"follow","max-snippet":"max-snippet:-1","max-image-preview":"max-image-preview:large","max-video-preview":"max-video-preview:-1"},"canonical":"https:\/\/circular.berlin\/de\/community\/","og_locale":"de_DE","og_type":"article","og_title":"Community - Circular Berlin","og_description":"Circular transformation happens through people. We are building a community to foster the Circular Economy in our city and beyond. Our members are changemakers,\u00a0 from designers and researchers to entrepreneurs and policymakers, all working to make Berlin\u2019s circular transition a reality. Our Members We bring together diverse skills and backgrounds \u2014 united by a shared [&hellip;]","og_url":"https:\/\/circular.berlin\/de\/community\/","og_site_name":"Circular Berlin","article_publisher":"https:\/\/www.facebook.com\/circularBerlin","article_modified_time":"2026-02-01T17:25:08+00:00","og_image":[{"width":1920,"height":1091,"url":"https:\/\/circular.berlin\/wp-content\/uploads\/2025\/09\/filipe-varela-1AfnsepVhJQ-unsplash-1.jpg","type":"image\/jpeg"}],"twitter_card":"summary_large_image","twitter_misc":{"Gesch\u00e4tzte Lesezeit":"2\u00a0Minuten"},"schema":{"@context":"https:\/\/schema.org","@graph":[{"@type":"WebPage","@id":"https:\/\/circular.berlin\/community\/","url":"https:\/\/circular.berlin\/community\/","name":"Gemeinschaft - Rund um Berlin","isPartOf":{"@id":"https:\/\/circular.berlin\/#website"},"primaryImageOfPage":{"@id":"https:\/\/circular.berlin\/community\/#primaryimage"},"image":{"@id":"https:\/\/circular.berlin\/community\/#primaryimage"},"thumbnailUrl":"https:\/\/circular.berlin\/wp-content\/uploads\/2025\/09\/filipe-varela-1AfnsepVhJQ-unsplash-1-1024x582.jpg","datePublished":"2019-08-28T13:44:58+00:00","dateModified":"2026-02-01T17:25:08+00:00","breadcrumb":{"@id":"https:\/\/circular.berlin\/community\/#breadcrumb"},"inLanguage":"de","potentialAction":[{"@type":"ReadAction","target":["https:\/\/circular.berlin\/community\/"]}]},{"@type":"ImageObject","inLanguage":"de","@id":"https:\/\/circular.berlin\/community\/#primaryimage","url":"https:\/\/circular.berlin\/wp-content\/uploads\/2025\/09\/filipe-varela-1AfnsepVhJQ-unsplash-1-1024x582.jpg","contentUrl":"https:\/\/circular.berlin\/wp-content\/uploads\/2025\/09\/filipe-varela-1AfnsepVhJQ-unsplash-1-1024x582.jpg"},{"@type":"BreadcrumbList","@id":"https:\/\/circular.berlin\/community\/#breadcrumb","itemListElement":[{"@type":"ListItem","position":1,"name":"Home","item":"https:\/\/circular.berlin\/"},{"@type":"ListItem","position":2,"name":"Community"}]},{"@type":"WebSite","@id":"https:\/\/circular.berlin\/#website","url":"https:\/\/circular.berlin\/","name":"Rundschreiben Berlin","description":"Beschleunigung des \u00dcbergangs Berlins zu einer kreisf\u00f6rmigen Stadt.","publisher":{"@id":"https:\/\/circular.berlin\/#organization"},"potentialAction":[{"@type":"SearchAction","target":{"@type":"EntryPoint","urlTemplate":"https:\/\/circular.berlin\/?s={search_term_string}"},"query-input":{"@type":"PropertyValueSpecification","valueRequired":true,"valueName":"search_term_string"}}],"inLanguage":"de"},{"@type":"Organization","@id":"https:\/\/circular.berlin\/#organization","name":"Rundschreiben Berlin","url":"https:\/\/circular.berlin\/","logo":{"@type":"ImageObject","inLanguage":"de","@id":"https:\/\/circular.berlin\/#\/schema\/logo\/image\/","url":"https:\/\/circular.berlin\/wp-content\/uploads\/2026\/02\/CB_Logo.svg","contentUrl":"https:\/\/circular.berlin\/wp-content\/uploads\/2026\/02\/CB_Logo.svg","width":452,"height":58,"caption":"Circular Berlin"},"image":{"@id":"https:\/\/circular.berlin\/#\/schema\/logo\/image\/"},"sameAs":["https:\/\/www.facebook.com\/circularBerlin"]}]}},"_links":{"self":[{"href":"https:\/\/circular.berlin\/de\/wp-json\/wp\/v2\/pages\/4838","targetHints":{"allow":["GET"]}}],"collection":[{"href":"https:\/\/circular.berlin\/de\/wp-json\/wp\/v2\/pages"}],"about":[{"href":"https:\/\/circular.berlin\/de\/wp-json\/wp\/v2\/types\/page"}],"author":[{"embeddable":true,"href":"https:\/\/circular.berlin\/de\/wp-json\/wp\/v2\/users\/15"}],"replies":[{"embeddable":true,"href":"https:\/\/circular.berlin\/de\/wp-json\/wp\/v2\/comments?post=4838"}],"version-history":[{"count":95,"href":"https:\/\/circular.berlin\/de\/wp-json\/wp\/v2\/pages\/4838\/revisions"}],"predecessor-version":[{"id":11589,"href":"https:\/\/circular.berlin\/de\/wp-json\/wp\/v2\/pages\/4838\/revisions\/11589"}],"wp:attachment":[{"href":"https:\/\/circular.berlin\/de\/wp-json\/wp\/v2\/media?parent=4838"}],"wp:term":[{"taxonomy":"unit","embeddable":true,"href":"https:\/\/circular.berlin\/de\/wp-json\/wp\/v2\/unit?post=4838"}],"curies":[{"name":"wp","href":"https:\/\/api.w.org\/{rel}","templated":true}]}}