{"id":6010,"date":"2020-04-18T12:16:06","date_gmt":"2020-04-18T10:16:06","guid":{"rendered":"https:\/\/circular.berlin\/?page_id=6010"},"modified":"2026-02-17T15:06:26","modified_gmt":"2026-02-17T13:06:26","slug":"donate","status":"publish","type":"page","link":"https:\/\/circular.berlin\/de\/donate\/","title":{"rendered":"Spenden"},"content":{"rendered":"<div class=\"wp-block-group alignwide has-global-padding is-content-justification-left is-layout-constrained wp-container-core-group-is-layout-42fc0eb2 wp-block-group-is-layout-constrained\" style=\"margin-top:var(--wp--preset--spacing--50);margin-bottom:var(--wp--preset--spacing--50)\">\n<h1 class=\"wp-block-heading\">Unterst\u00fctze uns<\/h1>\n\n\n\n<p>Wenn du unsere Arbeit wertsch\u00e4tzt und unsere weitere Entwicklung vorantreiben m\u00f6chtest, kannst du uns gerne mit einer finanziellen Spende unterst\u00fctzen. Mit deiner Spende hilfst du Circular Berlin, rechtlich als Circular City - Zirkul\u00e4re Stadt g.e.V. gef\u00fchrt. Danke!<\/p>\n\n\n\n<p><a href=\"https:\/\/circular.berlin\/de\/satzung\/\">Spendenm\u00f6glichkeiten<\/a><\/p>\n\n\n\n<h4 class=\"wp-block-heading\">Spende direkt per \u00dcberweisung:<\/h4>\n\n\n\n<p>Circular City e.V.<\/p>\n\n\n\n<p>IBAN: DE14 4306 0967 1020 6205 01<\/p>\n\n\n\n<p>BIC: GENODEM1GLS<\/p>\n\n\n\n<p>Zweck: Spende. Bitte Name und Anschrift f\u00fcr Spendenquittung mit angeben<\/p>\n\n\n\n<h4 class=\"wp-block-heading\">Spenden Sie direkt \u00fcber SEPA, PAYPAL oder CREDIT CARD<\/h4>\n\n\n\n<!-- twingle -->\n<iframe src=\"https:\/\/spenden.twingle.de\/circular-city-zirkulare-stadt-e-v\/donation\/tw6050c1f33ba3d\/widget\" style=\"width: 100%; border: none; overflow: hidden; height: 450px; position: relative; z-index: 2;\"><\/iframe>\n<script src=\"https:\/\/spenden.twingle.de\/embed\/generic\"><\/script>\n<!-- twingle -->\n<\/div>","protected":false},"excerpt":{"rendered":"<p>Support us If you appreciate our work, you can support its further development by making a financial donation. Your contribution will directly help all activities of Circular Berlin, legally operated as Circular City \u2013 Zirkul\u00e4re Stadt g.e.V.. Thank you! Our statues Donate directly via bank transfer Circular City e.V. IBAN: DE14 4306 0967 1020 6205 [&hellip;]<\/p>\n","protected":false},"author":15,"featured_media":0,"parent":0,"menu_order":0,"comment_status":"closed","ping_status":"closed","template":"page-no-title","meta":{"_acf_changed":false,"footnotes":""},"unit":[],"class_list":["post-6010","page","type-page","status-publish","hentry"],"acf":[],"yoast_head":"<!-- This site is optimized with the Yoast SEO plugin v27.4 - https:\/\/yoast.com\/product\/yoast-seo-wordpress\/ -->\n<title>Donate - Circular Berlin<\/title>\n<meta name=\"robots\" content=\"index, follow, max-snippet:-1, max-image-preview:large, max-video-preview:-1\" \/>\n<link rel=\"canonical\" href=\"https:\/\/circular.berlin\/de\/donate\/\" \/>\n<meta property=\"og:locale\" content=\"de_DE\" \/>\n<meta property=\"og:type\" content=\"article\" \/>\n<meta property=\"og:title\" content=\"Donate - Circular Berlin\" \/>\n<meta property=\"og:description\" content=\"Support us If you appreciate our work, you can support its further development by making a financial donation. Your contribution will directly help all activities of Circular Berlin, legally operated as Circular City \u2013 Zirkul\u00e4re Stadt g.e.V.. Thank you! Our statues Donate directly via bank transfer Circular City e.V. IBAN: DE14 4306 0967 1020 6205 [&hellip;]\" \/>\n<meta property=\"og:url\" content=\"https:\/\/circular.berlin\/de\/donate\/\" \/>\n<meta property=\"og:site_name\" content=\"Circular Berlin\" \/>\n<meta property=\"article:publisher\" content=\"https:\/\/www.facebook.com\/circularBerlin\" \/>\n<meta property=\"article:modified_time\" content=\"2026-02-17T13:06:26+00:00\" \/>\n<meta name=\"twitter:card\" content=\"summary_large_image\" \/>\n<meta name=\"twitter:label1\" content=\"Gesch\u00e4tzte Lesezeit\" \/>\n\t<meta name=\"twitter:data1\" content=\"1\u00a0Minute\" \/>\n<script type=\"application\/ld+json\" class=\"yoast-schema-graph\">{\"@context\":\"https:\\\/\\\/schema.org\",\"@graph\":[{\"@type\":\"WebPage\",\"@id\":\"https:\\\/\\\/circular.berlin\\\/donate\\\/\",\"url\":\"https:\\\/\\\/circular.berlin\\\/donate\\\/\",\"name\":\"Donate - Circular Berlin\",\"isPartOf\":{\"@id\":\"https:\\\/\\\/circular.berlin\\\/#website\"},\"datePublished\":\"2020-04-18T10:16:06+00:00\",\"dateModified\":\"2026-02-17T13:06:26+00:00\",\"breadcrumb\":{\"@id\":\"https:\\\/\\\/circular.berlin\\\/donate\\\/#breadcrumb\"},\"inLanguage\":\"de\",\"potentialAction\":[{\"@type\":\"ReadAction\",\"target\":[\"https:\\\/\\\/circular.berlin\\\/donate\\\/\"]}]},{\"@type\":\"BreadcrumbList\",\"@id\":\"https:\\\/\\\/circular.berlin\\\/donate\\\/#breadcrumb\",\"itemListElement\":[{\"@type\":\"ListItem\",\"position\":1,\"name\":\"Home\",\"item\":\"https:\\\/\\\/circular.berlin\\\/\"},{\"@type\":\"ListItem\",\"position\":2,\"name\":\"Donate\"}]},{\"@type\":\"WebSite\",\"@id\":\"https:\\\/\\\/circular.berlin\\\/#website\",\"url\":\"https:\\\/\\\/circular.berlin\\\/\",\"name\":\"Circular Berlin\",\"description\":\"Accelerating Berlin\u2019s transition towards a circular city.\",\"publisher\":{\"@id\":\"https:\\\/\\\/circular.berlin\\\/#organization\"},\"potentialAction\":[{\"@type\":\"SearchAction\",\"target\":{\"@type\":\"EntryPoint\",\"urlTemplate\":\"https:\\\/\\\/circular.berlin\\\/?s={search_term_string}\"},\"query-input\":{\"@type\":\"PropertyValueSpecification\",\"valueRequired\":true,\"valueName\":\"search_term_string\"}}],\"inLanguage\":\"de\"},{\"@type\":\"Organization\",\"@id\":\"https:\\\/\\\/circular.berlin\\\/#organization\",\"name\":\"Circular Berlin\",\"url\":\"https:\\\/\\\/circular.berlin\\\/\",\"logo\":{\"@type\":\"ImageObject\",\"inLanguage\":\"de\",\"@id\":\"https:\\\/\\\/circular.berlin\\\/#\\\/schema\\\/logo\\\/image\\\/\",\"url\":\"https:\\\/\\\/circular.berlin\\\/wp-content\\\/uploads\\\/2026\\\/02\\\/CB_Logo.svg\",\"contentUrl\":\"https:\\\/\\\/circular.berlin\\\/wp-content\\\/uploads\\\/2026\\\/02\\\/CB_Logo.svg\",\"width\":452,\"height\":58,\"caption\":\"Circular Berlin\"},\"image\":{\"@id\":\"https:\\\/\\\/circular.berlin\\\/#\\\/schema\\\/logo\\\/image\\\/\"},\"sameAs\":[\"https:\\\/\\\/www.facebook.com\\\/circularBerlin\"]}]}<\/script>\n<!-- \/ Yoast SEO plugin. -->","yoast_head_json":{"title":"Donate - Circular Berlin","robots":{"index":"index","follow":"follow","max-snippet":"max-snippet:-1","max-image-preview":"max-image-preview:large","max-video-preview":"max-video-preview:-1"},"canonical":"https:\/\/circular.berlin\/de\/donate\/","og_locale":"de_DE","og_type":"article","og_title":"Donate - Circular Berlin","og_description":"Support us If you appreciate our work, you can support its further development by making a financial donation. Your contribution will directly help all activities of Circular Berlin, legally operated as Circular City \u2013 Zirkul\u00e4re Stadt g.e.V.. Thank you! Our statues Donate directly via bank transfer Circular City e.V. IBAN: DE14 4306 0967 1020 6205 [&hellip;]","og_url":"https:\/\/circular.berlin\/de\/donate\/","og_site_name":"Circular Berlin","article_publisher":"https:\/\/www.facebook.com\/circularBerlin","article_modified_time":"2026-02-17T13:06:26+00:00","twitter_card":"summary_large_image","twitter_misc":{"Gesch\u00e4tzte Lesezeit":"1\u00a0Minute"},"schema":{"@context":"https:\/\/schema.org","@graph":[{"@type":"WebPage","@id":"https:\/\/circular.berlin\/donate\/","url":"https:\/\/circular.berlin\/donate\/","name":"Donate - Circular Berlin","isPartOf":{"@id":"https:\/\/circular.berlin\/#website"},"datePublished":"2020-04-18T10:16:06+00:00","dateModified":"2026-02-17T13:06:26+00:00","breadcrumb":{"@id":"https:\/\/circular.berlin\/donate\/#breadcrumb"},"inLanguage":"de","potentialAction":[{"@type":"ReadAction","target":["https:\/\/circular.berlin\/donate\/"]}]},{"@type":"BreadcrumbList","@id":"https:\/\/circular.berlin\/donate\/#breadcrumb","itemListElement":[{"@type":"ListItem","position":1,"name":"Home","item":"https:\/\/circular.berlin\/"},{"@type":"ListItem","position":2,"name":"Donate"}]},{"@type":"WebSite","@id":"https:\/\/circular.berlin\/#website","url":"https:\/\/circular.berlin\/","name":"Rundschreiben Berlin","description":"Beschleunigung des \u00dcbergangs Berlins zu einer kreisf\u00f6rmigen Stadt.","publisher":{"@id":"https:\/\/circular.berlin\/#organization"},"potentialAction":[{"@type":"SearchAction","target":{"@type":"EntryPoint","urlTemplate":"https:\/\/circular.berlin\/?s={search_term_string}"},"query-input":{"@type":"PropertyValueSpecification","valueRequired":true,"valueName":"search_term_string"}}],"inLanguage":"de"},{"@type":"Organization","@id":"https:\/\/circular.berlin\/#organization","name":"Rundschreiben Berlin","url":"https:\/\/circular.berlin\/","logo":{"@type":"ImageObject","inLanguage":"de","@id":"https:\/\/circular.berlin\/#\/schema\/logo\/image\/","url":"https:\/\/circular.berlin\/wp-content\/uploads\/2026\/02\/CB_Logo.svg","contentUrl":"https:\/\/circular.berlin\/wp-content\/uploads\/2026\/02\/CB_Logo.svg","width":452,"height":58,"caption":"Circular Berlin"},"image":{"@id":"https:\/\/circular.berlin\/#\/schema\/logo\/image\/"},"sameAs":["https:\/\/www.facebook.com\/circularBerlin"]}]}},"_links":{"self":[{"href":"https:\/\/circular.berlin\/de\/wp-json\/wp\/v2\/pages\/6010","targetHints":{"allow":["GET"]}}],"collection":[{"href":"https:\/\/circular.berlin\/de\/wp-json\/wp\/v2\/pages"}],"about":[{"href":"https:\/\/circular.berlin\/de\/wp-json\/wp\/v2\/types\/page"}],"author":[{"embeddable":true,"href":"https:\/\/circular.berlin\/de\/wp-json\/wp\/v2\/users\/15"}],"replies":[{"embeddable":true,"href":"https:\/\/circular.berlin\/de\/wp-json\/wp\/v2\/comments?post=6010"}],"version-history":[{"count":28,"href":"https:\/\/circular.berlin\/de\/wp-json\/wp\/v2\/pages\/6010\/revisions"}],"predecessor-version":[{"id":13643,"href":"https:\/\/circular.berlin\/de\/wp-json\/wp\/v2\/pages\/6010\/revisions\/13643"}],"wp:attachment":[{"href":"https:\/\/circular.berlin\/de\/wp-json\/wp\/v2\/media?parent=6010"}],"wp:term":[{"taxonomy":"unit","embeddable":true,"href":"https:\/\/circular.berlin\/de\/wp-json\/wp\/v2\/unit?post=6010"}],"curies":[{"name":"wp","href":"https:\/\/api.w.org\/{rel}","templated":true}]}}