{"id":7051,"date":"2020-06-15T12:48:28","date_gmt":"2020-06-15T10:48:28","guid":{"rendered":"https:\/\/circular.berlin\/?page_id=7051"},"modified":"2026-02-03T21:15:09","modified_gmt":"2026-02-03T19:15:09","slug":"datenschutzerklarung","status":"publish","type":"page","link":"https:\/\/circular.berlin\/de\/datenschutzerklarung\/","title":{"rendered":"Datenschutzerkl\u00e4rung und Cookie-Regelungen"},"content":{"rendered":"<h1 style=\"margin-bottom:var(--wp--preset--spacing--50);margin-top:var(--wp--preset--spacing--40);\" class=\"alignwide wp-block-post-title\">Datenschutzerkl\u00e4rung und Cookie-Regelungen<\/h1>\n\n\n<div class=\"wp-block-group alignwide is-layout-flow wp-block-group-is-layout-flow\" style=\"margin-top:var(--wp--preset--spacing--50);margin-bottom:var(--wp--preset--spacing--50)\">\n<p><em>Haben wir etwas nicht verstanden?&nbsp;<a href=\"https:\/\/circular.berlin\/de\/contact\/\">Schreiben Sie uns<\/a>&nbsp;und wir melden uns bald zur\u00fcck.<\/em><\/p>\n\n\n\n<p>Mit der folgenden Datenschutzerkl\u00e4rung m\u00f6chten wir Sie dar\u00fcber aufkl\u00e4ren, welche Arten Ihrer personenbezogenen Daten (nachfolgend auch kurz als \u201cDaten\u201c bezeichnet) wir zu welchen Zwecken und in welchem Umfang verarbeiten. Die Datenschutzerkl\u00e4rung gilt f\u00fcr alle von uns durchgef\u00fchrten Verarbeitungen personenbezogener Daten, sowohl im Rahmen der Erbringung unserer Leistungen als auch insbesondere auf unseren Webseiten, in mobilen Applikationen sowie innerhalb externer Onlinepr\u00e4senzen, wie z.B. unserem Social-Media-Profil (nachfolgend zusammenfassend bezeichnet als \u201cOnlineangebot\u201c).<\/p>\n\n\n\n<p>Die verwendeten Begriffe sind nicht geschlechtsspezifisch.<\/p>\n\n\n\n<p>Stand: 13. Februar 2025<\/p>\n\n\n\n<hr class=\"wp-block-separator has-alpha-channel-opacity\"\/>\n\n\n\n<h2 class=\"wp-block-heading\"><a><\/a>Verantwortlicher<\/h2>\n\n\n\n<p>Zirkul\u00e4re Stadt - Zirkul\u00e4re Stadt e.V.<br>Rheinsberger Stra\u00dfe 34<br>10435 Berlin, Deutschland<\/p>\n\n\n\n<p><strong>Vertretungsberechtigte Personen:<\/strong>&nbsp;Dina Padalkina, Arianna Nicoletti<\/p>\n\n\n\n<p><strong>E-Mail-Adresse:<\/strong>&nbsp;<a href=\"mailto:team@circular.berlin\">team@circular.berlin<\/a><\/p>\n\n\n\n<p><strong>Impressum:<\/strong>&nbsp;<a href=\"https:\/\/circular.berlin\/de\/imprint\/\">rund.berlin\/impressum<\/a><\/p>\n\n\n\n<hr class=\"wp-block-separator has-alpha-channel-opacity\"\/>\n\n\n\n<p>Diese Datenschutzerkl\u00e4rung beschreibt die Richtlinien von Circular City - Zirkul\u00e4re Stadt e.V., hinsichtlich der Erhebung, Nutzung und Offenlegung Ihrer Informationen, die wir erfassen, wenn Sie unsere Website (<a>https:\/\/circular.berlin<\/a>) nutzen (der \u201eDienst\u201c). Durch den Zugriff auf oder die Nutzung des Dienstes stimmen Sie der Erhebung, Nutzung und Offenlegung Ihrer Informationen gem\u00e4\u00df dieser Datenschutzerkl\u00e4rung zu. Wenn Sie dem nicht zustimmen, greifen Sie bitte nicht auf den Dienst zu oder nutzen Sie ihn nicht.<\/p>\n\n\n\n<p>Wir k\u00f6nnen diese Datenschutzerkl\u00e4rung jederzeit ohne vorherige Ank\u00fcndigung \u00e4ndern und die \u00fcberarbeitete Datenschutzerkl\u00e4rung im Dienst ver\u00f6ffentlichen. Die \u00fcberarbeitete Richtlinie tritt 180 Tage nach ihrer Ver\u00f6ffentlichung in Kraft, und Ihre fortgesetzte Nutzung des Dienstes nach diesem Zeitraum stellt Ihre Zustimmung zur \u00fcberarbeiteten Datenschutzerkl\u00e4rung dar. Daher empfehlen wir Ihnen, diese Seite regelm\u00e4\u00dfig zu \u00fcberpr\u00fcfen.<\/p>\n\n\n\n<p><strong>Wie wir Ihre Informationen nutzen:<\/strong><\/p>\n\n\n\n<p>Wir verwenden die Informationen, die wir \u00fcber Sie erfassen, f\u00fcr die folgenden Zwecke:<\/p>\n\n\n\n<ul class=\"wp-block-list\">\n<li>Zahlungsabwicklung<\/li>\n\n\n\n<li>Verwaltungsinformationen<\/li>\n\n\n\n<li>Schutz der Website<\/li>\n<\/ul>\n\n\n\n<p>Falls wir Ihre Informationen f\u00fcr andere Zwecke verwenden m\u00f6chten, werden wir Ihre Zustimmung einholen und Ihre Informationen nur mit Ihrer Zustimmung und ausschlie\u00dflich f\u00fcr die Zwecke nutzen, f\u00fcr die Sie Ihre Zustimmung erteilt haben, es sei denn, wir sind gesetzlich dazu verpflichtet, anderweitig zu handeln.<\/p>\n\n\n\n<p><strong>Wie wir Ihre Informationen weitergeben:<\/strong><\/p>\n\n\n\n<p>Wir werden Ihre personenbezogenen Daten ohne Ihre Zustimmung nicht an Dritte weitergeben, au\u00dfer in den folgenden begrenzten F\u00e4llen:<\/p>\n\n\n\n<ul class=\"wp-block-list\">\n<li>Analysen<\/li>\n\n\n\n<li>Datenerhebung &amp; -verarbeitung<\/li>\n<\/ul>\n\n\n\n<p>Wir verlangen von solchen Dritten, dass sie die \u00fcbertragenen personenbezogenen Daten nur f\u00fcr den Zweck verwenden, f\u00fcr den sie \u00fcbermittelt wurden, und sie nicht l\u00e4nger aufbewahren, als es f\u00fcr die Erf\u00fcllung dieses Zwecks erforderlich ist.<\/p>\n\n\n\n<p>Dar\u00fcber hinaus k\u00f6nnen wir Ihre personenbezogenen Daten offenlegen, um: (1) geltenddem Recht, Vorschriften, Gerichtsbeschl\u00fcssen oder anderen rechtlichen Verfahren nachzukommen; (2) unsere Vereinbarungen mit Ihnen durchzusetzen, einschlie\u00dflich dieser Datenschutzerkl\u00e4rung; oder (3) auf Anspr\u00fcche zu reagieren, dass Ihre Nutzung des Dienstes die Rechte Dritter verletzt. Falls der Dienst oder unser Unternehmen mit einem anderen Unternehmen fusioniert oder \u00fcbernommen wird, werden Ihre Informationen als Teil der \u00fcbertragenen Verm\u00f6genswerte weitergegeben.<\/p>\n\n\n\n<p><strong>Ihre Rechte:<\/strong><\/p>\n\n\n\n<p>Abh\u00e4ngig von den geltenden Gesetzen haben Sie m\u00f6glicherweise das Recht, auf Ihre personenbezogenen Daten zuzugreifen, diese zu korrigieren oder zu l\u00f6schen, eine Kopie Ihrer Daten zu erhalten, die Verarbeitung Ihrer Daten einzuschr\u00e4nken oder sie zu widersprechen, uns aufzufordern, Ihre personenbezogenen Daten an eine andere Stelle zu \u00fcbertragen, eine erteilte Einwilligung zur Datenverarbeitung zu widerrufen oder eine Beschwerde bei einer Aufsichtsbeh\u00f6rde einzureichen.<\/p>\n\n\n\n<p>Zur Aus\u00fcbung dieser Rechte k\u00f6nnen Sie uns unter dina(a)<a>rund.berlin<\/a>&nbsp;kontaktieren. Wir werden auf Ihre Anfrage gem\u00e4\u00df den geltenden Gesetzen reagieren.<\/p>\n\n\n\n<p>Sie k\u00f6nnen sich von Direktmarketing-Kommunikationen oder der von uns zu Marketingzwecken durchgef\u00fchrten Profilerstellung abmelden, indem Sie uns unter inga(a)circular.berlin kontaktieren.<\/p>\n\n\n\n<p>Bitte beachten Sie, dass, falls Sie uns nicht gestatten, die erforderlichen personenbezogenen Daten zu erfassen oder zu verarbeiten, oder falls Sie Ihre Zustimmung zur Verarbeitung widerrufen, Sie m\u00f6glicherweise nicht auf bestimmte Dienste zugreifen oder diese nutzen k\u00f6nnen.<\/p>\n\n\n\n<p>Cookies usw.: Weitere Informationen zur Nutzung dieser Technologien und zu Ihren Wahlm\u00f6glichkeiten in Bezug auf diese Tracking-Technologien finden Sie in unserer&nbsp;<a href=\"https:\/\/circular.berlin\/de\/\">Cookie-Richtlinie.<\/a>.<\/p>\n\n\n\n<p><strong>Sicherheit:<\/strong><\/p>\n\n\n\n<p>Die Sicherheit Ihrer Informationen ist uns wichtig, und wir ergreifen angemessene Sicherheitsma\u00dfnahmen, um Verlust, Missbrauch oder unbefugte \u00c4nderung Ihrer Informationen zu verhindern. Aufgrund der inh\u00e4renten Risiken des Internets k\u00f6nnen wir jedoch keine absolute Sicherheit garantieren und \u00fcbernehmen daher keine Haftung f\u00fcr eine unbefugte Offenlegung von Informationen, die Sie uns \u00fcbermitteln.<\/p>\n\n\n\n<p><strong>Links zu Drittanbietern &amp; Nutzung Ihrer Informationen:<\/strong><\/p>\n\n\n\n<p>Unser Dienst kann Links zu anderen Websites enthalten, die nicht von uns betrieben werden. Diese Datenschutzerkl\u00e4rung gilt nicht f\u00fcr die Datenschutzrichtlinien oder sonstigen Praktiken Dritter, einschlie\u00dflich Dritter, die eine Website oder einen Dienst betreiben, der \u00fcber einen Link im Dienst zug\u00e4nglich ist. Wir empfehlen Ihnen dringend, die Datenschutzerkl\u00e4rung jeder Website, die Sie besuchen, zu \u00fcberpr\u00fcfen. Wir haben keine Kontrolle \u00fcber und \u00fcbernehmen keine Verantwortung f\u00fcr den Inhalt, die Datenschutzrichtlinien oder -praktiken von Websites oder Diensten Dritter.<\/p>\n\n\n\n<p>Auf bestimmten Seiten unserer Website werden externe Dienste geladen:<\/p>\n\n\n\n<ul class=\"wp-block-list\">\n<li>Auf der Kalender-Seite wird ein Skript vom Kalenderanbieter (Teamup) geladen.<\/li>\n\n\n\n<li>Auf der \u00d6kosystem-Seite wird eine Ressource von \u201ekumu.io\u201c geladen.<\/li>\n\n\n\n<li>Auf der Mitgliedschaftsseite wird ein Dienst von typeform.com verwendet.<\/li>\n\n\n\n<li>Auf der Spendenseite wird ein Widget von Twingle eingebunden.<\/li>\n<\/ul>\n\n\n\n<p><strong>Beschwerde \/ Datenschutzbeauftragter:<\/strong><\/p>\n\n\n\n<p>Falls Sie Fragen oder Bedenken hinsichtlich der Verarbeitung Ihrer Daten haben, k\u00f6nnen Sie unseren Datenschutzbeauftragten unter Circular City - Zirkul\u00e4re Stadt e.V., Rheinsberger Str. 34, E-Mail: team(a)circular.berlin kontaktieren. Wir werden Ihre Bedenken gem\u00e4\u00df den geltenden Gesetzen bearbeiten.<\/p>\n\n\n\n<p>Datenschutzerkl\u00e4rung erstellt mit CookieYes.<\/p>\n<\/div>","protected":false},"excerpt":{"rendered":"<p>Haben wir etwas nicht umfasst?&nbsp;Schreibe uns&nbsp;und wir melden uns bald zur\u00fcck. Mit der folgenden Datenschutzerkl\u00e4rung m\u00f6chten wir Sie dar\u00fcber aufkl\u00e4ren, welche Arten Ihrer personenbezogenen Daten (nachfolgend auch kurz als \u201cDaten\u201c bezeichnet) wir zu welchen Zwecken und in welchem Umfang verarbeiten. Die Datenschutzerkl\u00e4rung gilt f\u00fcr alle von uns durchgef\u00fchrten Verarbeitungen personenbezogener Daten, sowohl im Rahmen der [&hellip;]<\/p>\n","protected":false},"author":15,"featured_media":0,"parent":0,"menu_order":0,"comment_status":"closed","ping_status":"closed","template":"","meta":{"_acf_changed":false,"footnotes":""},"unit":[],"class_list":["post-7051","page","type-page","status-publish","hentry"],"acf":[],"yoast_head":"<!-- This site is optimized with the Yoast SEO plugin v27.3 - https:\/\/yoast.com\/product\/yoast-seo-wordpress\/ -->\n<title>Datenschutzerkl\u00e4rung und Cookie-Regelungen - Circular Berlin<\/title>\n<meta name=\"robots\" content=\"index, follow, max-snippet:-1, max-image-preview:large, max-video-preview:-1\" \/>\n<link rel=\"canonical\" href=\"https:\/\/circular.berlin\/de\/datenschutzerklarung\/\" \/>\n<meta property=\"og:locale\" content=\"de_DE\" \/>\n<meta property=\"og:type\" content=\"article\" \/>\n<meta property=\"og:title\" content=\"Datenschutzerkl\u00e4rung und Cookie-Regelungen - Circular Berlin\" \/>\n<meta property=\"og:description\" content=\"Haben wir etwas nicht umfasst?&nbsp;Schreibe uns&nbsp;und wir melden uns bald zur\u00fcck. Mit der folgenden Datenschutzerkl\u00e4rung m\u00f6chten wir Sie dar\u00fcber aufkl\u00e4ren, welche Arten Ihrer personenbezogenen Daten (nachfolgend auch kurz als \u201cDaten\u201c bezeichnet) wir zu welchen Zwecken und in welchem Umfang verarbeiten. Die Datenschutzerkl\u00e4rung gilt f\u00fcr alle von uns durchgef\u00fchrten Verarbeitungen personenbezogener Daten, sowohl im Rahmen der [&hellip;]\" \/>\n<meta property=\"og:url\" content=\"https:\/\/circular.berlin\/de\/datenschutzerklarung\/\" \/>\n<meta property=\"og:site_name\" content=\"Circular Berlin\" \/>\n<meta property=\"article:publisher\" content=\"https:\/\/www.facebook.com\/circularBerlin\" \/>\n<meta property=\"article:modified_time\" content=\"2026-02-03T19:15:09+00:00\" \/>\n<meta name=\"twitter:card\" content=\"summary_large_image\" \/>\n<meta name=\"twitter:label1\" content=\"Gesch\u00e4tzte Lesezeit\" \/>\n\t<meta name=\"twitter:data1\" content=\"4\u00a0Minuten\" \/>\n<script type=\"application\/ld+json\" class=\"yoast-schema-graph\">{\"@context\":\"https:\\\/\\\/schema.org\",\"@graph\":[{\"@type\":\"WebPage\",\"@id\":\"https:\\\/\\\/circular.berlin\\\/datenschutzerklarung\\\/\",\"url\":\"https:\\\/\\\/circular.berlin\\\/datenschutzerklarung\\\/\",\"name\":\"Datenschutzerkl\u00e4rung und Cookie-Regelungen - Circular Berlin\",\"isPartOf\":{\"@id\":\"https:\\\/\\\/circular.berlin\\\/#website\"},\"datePublished\":\"2020-06-15T10:48:28+00:00\",\"dateModified\":\"2026-02-03T19:15:09+00:00\",\"breadcrumb\":{\"@id\":\"https:\\\/\\\/circular.berlin\\\/datenschutzerklarung\\\/#breadcrumb\"},\"inLanguage\":\"de\",\"potentialAction\":[{\"@type\":\"ReadAction\",\"target\":[\"https:\\\/\\\/circular.berlin\\\/datenschutzerklarung\\\/\"]}]},{\"@type\":\"BreadcrumbList\",\"@id\":\"https:\\\/\\\/circular.berlin\\\/datenschutzerklarung\\\/#breadcrumb\",\"itemListElement\":[{\"@type\":\"ListItem\",\"position\":1,\"name\":\"Home\",\"item\":\"https:\\\/\\\/circular.berlin\\\/\"},{\"@type\":\"ListItem\",\"position\":2,\"name\":\"Datenschutzerkl\u00e4rung und Cookie-Regelungen\"}]},{\"@type\":\"WebSite\",\"@id\":\"https:\\\/\\\/circular.berlin\\\/#website\",\"url\":\"https:\\\/\\\/circular.berlin\\\/\",\"name\":\"Circular Berlin\",\"description\":\"Accelerating Berlin\u2019s transition towards a circular city.\",\"publisher\":{\"@id\":\"https:\\\/\\\/circular.berlin\\\/#organization\"},\"potentialAction\":[{\"@type\":\"SearchAction\",\"target\":{\"@type\":\"EntryPoint\",\"urlTemplate\":\"https:\\\/\\\/circular.berlin\\\/?s={search_term_string}\"},\"query-input\":{\"@type\":\"PropertyValueSpecification\",\"valueRequired\":true,\"valueName\":\"search_term_string\"}}],\"inLanguage\":\"de\"},{\"@type\":\"Organization\",\"@id\":\"https:\\\/\\\/circular.berlin\\\/#organization\",\"name\":\"Circular Berlin\",\"url\":\"https:\\\/\\\/circular.berlin\\\/\",\"logo\":{\"@type\":\"ImageObject\",\"inLanguage\":\"de\",\"@id\":\"https:\\\/\\\/circular.berlin\\\/#\\\/schema\\\/logo\\\/image\\\/\",\"url\":\"https:\\\/\\\/circular.berlin\\\/wp-content\\\/uploads\\\/2026\\\/02\\\/CB_Logo.svg\",\"contentUrl\":\"https:\\\/\\\/circular.berlin\\\/wp-content\\\/uploads\\\/2026\\\/02\\\/CB_Logo.svg\",\"width\":452,\"height\":58,\"caption\":\"Circular Berlin\"},\"image\":{\"@id\":\"https:\\\/\\\/circular.berlin\\\/#\\\/schema\\\/logo\\\/image\\\/\"},\"sameAs\":[\"https:\\\/\\\/www.facebook.com\\\/circularBerlin\"]}]}<\/script>\n<!-- \/ Yoast SEO plugin. -->","yoast_head_json":{"title":"Datenschutzerkl\u00e4rung und Cookie-Regelungen - Circular Berlin","robots":{"index":"index","follow":"follow","max-snippet":"max-snippet:-1","max-image-preview":"max-image-preview:large","max-video-preview":"max-video-preview:-1"},"canonical":"https:\/\/circular.berlin\/de\/datenschutzerklarung\/","og_locale":"de_DE","og_type":"article","og_title":"Datenschutzerkl\u00e4rung und Cookie-Regelungen - Circular Berlin","og_description":"Haben wir etwas nicht umfasst?&nbsp;Schreibe uns&nbsp;und wir melden uns bald zur\u00fcck. Mit der folgenden Datenschutzerkl\u00e4rung m\u00f6chten wir Sie dar\u00fcber aufkl\u00e4ren, welche Arten Ihrer personenbezogenen Daten (nachfolgend auch kurz als \u201cDaten\u201c bezeichnet) wir zu welchen Zwecken und in welchem Umfang verarbeiten. Die Datenschutzerkl\u00e4rung gilt f\u00fcr alle von uns durchgef\u00fchrten Verarbeitungen personenbezogener Daten, sowohl im Rahmen der [&hellip;]","og_url":"https:\/\/circular.berlin\/de\/datenschutzerklarung\/","og_site_name":"Circular Berlin","article_publisher":"https:\/\/www.facebook.com\/circularBerlin","article_modified_time":"2026-02-03T19:15:09+00:00","twitter_card":"summary_large_image","twitter_misc":{"Gesch\u00e4tzte Lesezeit":"4\u00a0Minuten"},"schema":{"@context":"https:\/\/schema.org","@graph":[{"@type":"WebPage","@id":"https:\/\/circular.berlin\/datenschutzerklarung\/","url":"https:\/\/circular.berlin\/datenschutzerklarung\/","name":"Datenschutzerkl\u00e4rung und Cookie-Regelungen - Circular Berlin","isPartOf":{"@id":"https:\/\/circular.berlin\/#website"},"datePublished":"2020-06-15T10:48:28+00:00","dateModified":"2026-02-03T19:15:09+00:00","breadcrumb":{"@id":"https:\/\/circular.berlin\/datenschutzerklarung\/#breadcrumb"},"inLanguage":"de","potentialAction":[{"@type":"ReadAction","target":["https:\/\/circular.berlin\/datenschutzerklarung\/"]}]},{"@type":"BreadcrumbList","@id":"https:\/\/circular.berlin\/datenschutzerklarung\/#breadcrumb","itemListElement":[{"@type":"ListItem","position":1,"name":"Home","item":"https:\/\/circular.berlin\/"},{"@type":"ListItem","position":2,"name":"Datenschutzerkl\u00e4rung und Cookie-Regelungen"}]},{"@type":"WebSite","@id":"https:\/\/circular.berlin\/#website","url":"https:\/\/circular.berlin\/","name":"Rundschreiben Berlin","description":"Beschleunigung des \u00dcbergangs Berlins zu einer kreisf\u00f6rmigen Stadt.","publisher":{"@id":"https:\/\/circular.berlin\/#organization"},"potentialAction":[{"@type":"SearchAction","target":{"@type":"EntryPoint","urlTemplate":"https:\/\/circular.berlin\/?s={search_term_string}"},"query-input":{"@type":"PropertyValueSpecification","valueRequired":true,"valueName":"search_term_string"}}],"inLanguage":"de"},{"@type":"Organization","@id":"https:\/\/circular.berlin\/#organization","name":"Rundschreiben Berlin","url":"https:\/\/circular.berlin\/","logo":{"@type":"ImageObject","inLanguage":"de","@id":"https:\/\/circular.berlin\/#\/schema\/logo\/image\/","url":"https:\/\/circular.berlin\/wp-content\/uploads\/2026\/02\/CB_Logo.svg","contentUrl":"https:\/\/circular.berlin\/wp-content\/uploads\/2026\/02\/CB_Logo.svg","width":452,"height":58,"caption":"Circular Berlin"},"image":{"@id":"https:\/\/circular.berlin\/#\/schema\/logo\/image\/"},"sameAs":["https:\/\/www.facebook.com\/circularBerlin"]}]}},"_links":{"self":[{"href":"https:\/\/circular.berlin\/de\/wp-json\/wp\/v2\/pages\/7051","targetHints":{"allow":["GET"]}}],"collection":[{"href":"https:\/\/circular.berlin\/de\/wp-json\/wp\/v2\/pages"}],"about":[{"href":"https:\/\/circular.berlin\/de\/wp-json\/wp\/v2\/types\/page"}],"author":[{"embeddable":true,"href":"https:\/\/circular.berlin\/de\/wp-json\/wp\/v2\/users\/15"}],"replies":[{"embeddable":true,"href":"https:\/\/circular.berlin\/de\/wp-json\/wp\/v2\/comments?post=7051"}],"version-history":[{"count":35,"href":"https:\/\/circular.berlin\/de\/wp-json\/wp\/v2\/pages\/7051\/revisions"}],"predecessor-version":[{"id":13171,"href":"https:\/\/circular.berlin\/de\/wp-json\/wp\/v2\/pages\/7051\/revisions\/13171"}],"wp:attachment":[{"href":"https:\/\/circular.berlin\/de\/wp-json\/wp\/v2\/media?parent=7051"}],"wp:term":[{"taxonomy":"unit","embeddable":true,"href":"https:\/\/circular.berlin\/de\/wp-json\/wp\/v2\/unit?post=7051"}],"curies":[{"name":"wp","href":"https:\/\/api.w.org\/{rel}","templated":true}]}}