{"id":8559,"date":"2021-06-28T11:04:15","date_gmt":"2021-06-28T09:04:15","guid":{"rendered":"https:\/\/circular.berlin\/?page_id=8559"},"modified":"2026-01-30T17:33:22","modified_gmt":"2026-01-30T15:33:22","slug":"ecosystem","status":"publish","type":"page","link":"https:\/\/circular.berlin\/de\/community\/ecosystem\/","title":{"rendered":"Lokale Akteure"},"content":{"rendered":"<div style=\"height:100px\" aria-hidden=\"true\" class=\"wp-block-spacer\"><\/div>\n\n\n\n<div class=\"wp-block-columns alignwide is-layout-flex wp-container-core-columns-is-layout-28f84493 wp-block-columns-is-layout-flex\">\n<div class=\"wp-block-column is-layout-flow wp-block-column-is-layout-flow\">\n<h2 class=\"wp-block-heading has-text-align-left\" style=\"margin-bottom:var(--wp--preset--spacing--50)\">Circular Economy \u00d6kosystem<\/h2>\n<\/div>\n\n\n\n<div class=\"wp-block-column is-layout-flow wp-block-column-is-layout-flow\">\n<p>Entdecke Berliner Organisationen und Projekte, die im Bereich der zirkul\u00e4ren Wirtschaft aktiv sind.<\/p>\n<\/div>\n<\/div>\n\n\n\n<div class=\"wp-block-group alignwide is-content-justification-center is-nowrap is-layout-flex wp-container-core-group-is-layout-23441af8 wp-block-group-is-layout-flex\">\n<iframe loading=\"lazy\" src=\"https:\/\/embed.kumu.io\/7fc25819415e5fc5fb68942bce7689b9\" id=\"kumu-diagram\" width=\"1024\" height=\"800\" frameborder=\"0\"><\/iframe>\n<\/div>\n\n\n\n<div style=\"height:50px\" aria-hidden=\"true\" class=\"wp-block-spacer\"><\/div>\n\n\n\n<div class=\"wp-block-group alignwide is-style-default has-accent-3-background-color has-background has-global-padding is-content-justification-left is-layout-constrained wp-container-core-group-is-layout-c1cd3b84 wp-block-group-is-layout-constrained\" style=\"border-radius:16px;padding-top:var(--wp--preset--spacing--30);padding-right:var(--wp--preset--spacing--30);padding-bottom:var(--wp--preset--spacing--30);padding-left:var(--wp--preset--spacing--30)\">\n<h2 class=\"wp-block-heading\">M\u00f6chtest du zur Karte beitragen?<\/h2>\n\n\n\n<p>Diese Karte ist ein gemeinschaftliches Projekt.\nDu kannst einen Eintrag vorschlagen oder deine Organisation unten hinzuf\u00fcgen \u2013 nat\u00fcrlich kostenlos.<\/p>\n\n\n\n<div class=\"wp-block-buttons alignwide is-layout-flex wp-block-buttons-is-layout-flex\">\n<div class=\"wp-block-button has-custom-width wp-block-button__width-25 is-style-big-white-3 is-style-big-white-3--1\"><a class=\"wp-block-button__link wp-element-button\" href=\"https:\/\/docs.google.com\/forms\/d\/e\/1FAIpQLScCvDsm1oeVdk2cotdKc5_wEZTN1QwjhIh85USbQ1d5dl0hiw\/viewform?usp=sf_link\">Beitragen<\/a><\/div>\n<\/div>\n<\/div>\n\n\n\n<div style=\"height:25px\" aria-hidden=\"true\" class=\"wp-block-spacer\"><\/div>\n\n\n\n<div class=\"wp-block-group alignfull has-base-color has-accent-1-background-color has-text-color has-background has-link-color wp-elements-ff712364b7ffd2a25f50d5f34df2dc42 has-global-padding is-layout-constrained wp-container-core-group-is-layout-52009084 wp-block-group-is-layout-constrained\" style=\"padding-top:var(--wp--preset--spacing--40);padding-right:var(--wp--preset--spacing--40);padding-bottom:var(--wp--preset--spacing--40);padding-left:var(--wp--preset--spacing--40);background-image:url(&apos;https:\/\/circular.berlin\/wp-content\/uploads\/2026\/01\/Vector_white-scaled.png&apos;);background-position:0% 67%;background-size:cover;\">\n<div class=\"wp-block-group alignwide has-global-padding is-content-justification-left is-layout-constrained wp-container-core-group-is-layout-12dd3699 wp-block-group-is-layout-constrained\">\n<h2 class=\"wp-block-heading has-contrast-color has-text-color has-link-color wp-elements-caa82aef29dc91054a58cc7bbedede45\">Unterst\u00fctze uns beim Aufbau eines zirkul\u00e4ren Berlins.<\/h2>\n\n\n\n<p class=\"has-contrast-color has-text-color has-link-color has-medium-font-size wp-elements-c09c41bfee6138d5ca964b9a66095cd5\" style=\"margin-right:0;margin-bottom:var(--wp--preset--spacing--60)\">Deine Unterst\u00fctzung erm\u00f6glicht langfristige, unabh\u00e4ngige Arbeit: Sie st\u00e4rkt Wandelgestaltende, f\u00f6rdert zirkul\u00e4re Politik und bringt reale Pilotprojekte in der Stadt auf den Weg.<\/p>\n<\/div>\n\n\n\n<div class=\"wp-block-buttons alignwide is-content-justification-left is-layout-flex wp-container-core-buttons-is-layout-fc4fd283 wp-block-buttons-is-layout-flex\">\n<div class=\"wp-block-button has-custom-width wp-block-button__width-25 is-style-big-white-1 is-style-big-white-1--2\"><a class=\"wp-block-button__link wp-element-button\" href=\"https:\/\/circular.berlin\/de\/donate\/\">Unterst\u00fctze uns <\/a><\/div>\n<\/div>\n<\/div>","protected":false},"excerpt":{"rendered":"<p>A thriving circular economy needs more than ideas \u2014 it needs structural change.\u2028 In the Circular Market impact area, we focus on transforming economic conditions: finance mechanisms, investment logic, and market incentives. Our programs bring together capital providers, entrepreneurs, and decision-makers to redesign how businesses create, share, and sustain value \u2014 for Berlin and beyond. [&hellip;]<\/p>\n","protected":false},"author":1,"featured_media":0,"parent":4838,"menu_order":0,"comment_status":"closed","ping_status":"closed","template":"page-no-title","meta":{"_acf_changed":false,"footnotes":""},"unit":[],"class_list":["post-8559","page","type-page","status-publish","hentry"],"acf":[],"yoast_head":"<!-- This site is optimized with the Yoast SEO plugin v27.3 - https:\/\/yoast.com\/product\/yoast-seo-wordpress\/ -->\n<title>Ecosystem - Circular Berlin<\/title>\n<meta name=\"robots\" content=\"index, follow, max-snippet:-1, max-image-preview:large, max-video-preview:-1\" \/>\n<link rel=\"canonical\" href=\"https:\/\/circular.berlin\/de\/community\/ecosystem\/\" \/>\n<meta property=\"og:locale\" content=\"de_DE\" \/>\n<meta property=\"og:type\" content=\"article\" \/>\n<meta property=\"og:title\" content=\"Ecosystem - Circular Berlin\" \/>\n<meta property=\"og:description\" content=\"A thriving circular economy needs more than ideas \u2014 it needs structural change.\u2028 In the Circular Market impact area, we focus on transforming economic conditions: finance mechanisms, investment logic, and market incentives. Our programs bring together capital providers, entrepreneurs, and decision-makers to redesign how businesses create, share, and sustain value \u2014 for Berlin and beyond. [&hellip;]\" \/>\n<meta property=\"og:url\" content=\"https:\/\/circular.berlin\/de\/community\/ecosystem\/\" \/>\n<meta property=\"og:site_name\" content=\"Circular Berlin\" \/>\n<meta property=\"article:publisher\" content=\"https:\/\/www.facebook.com\/circularBerlin\" \/>\n<meta property=\"article:modified_time\" content=\"2026-01-30T15:33:22+00:00\" \/>\n<meta property=\"og:image\" content=\"https:\/\/circular.berlin\/wp-content\/uploads\/2025\/10\/Blue-Loop-Header.svg\" \/>\n<meta name=\"twitter:card\" content=\"summary_large_image\" \/>\n<meta name=\"twitter:label1\" content=\"Gesch\u00e4tzte Lesezeit\" \/>\n\t<meta name=\"twitter:data1\" content=\"1\u00a0Minute\" \/>\n<script type=\"application\/ld+json\" class=\"yoast-schema-graph\">{\"@context\":\"https:\\\/\\\/schema.org\",\"@graph\":[{\"@type\":\"WebPage\",\"@id\":\"https:\\\/\\\/circular.berlin\\\/community\\\/ecosystem\\\/\",\"url\":\"https:\\\/\\\/circular.berlin\\\/community\\\/ecosystem\\\/\",\"name\":\"Ecosystem - Circular Berlin\",\"isPartOf\":{\"@id\":\"https:\\\/\\\/circular.berlin\\\/#website\"},\"primaryImageOfPage\":{\"@id\":\"https:\\\/\\\/circular.berlin\\\/community\\\/ecosystem\\\/#primaryimage\"},\"image\":{\"@id\":\"https:\\\/\\\/circular.berlin\\\/community\\\/ecosystem\\\/#primaryimage\"},\"thumbnailUrl\":\"https:\\\/\\\/circular.berlin\\\/wp-content\\\/uploads\\\/2025\\\/10\\\/Blue-Loop-Header.svg\",\"datePublished\":\"2021-06-28T09:04:15+00:00\",\"dateModified\":\"2026-01-30T15:33:22+00:00\",\"breadcrumb\":{\"@id\":\"https:\\\/\\\/circular.berlin\\\/community\\\/ecosystem\\\/#breadcrumb\"},\"inLanguage\":\"de\",\"potentialAction\":[{\"@type\":\"ReadAction\",\"target\":[\"https:\\\/\\\/circular.berlin\\\/community\\\/ecosystem\\\/\"]}]},{\"@type\":\"ImageObject\",\"inLanguage\":\"de\",\"@id\":\"https:\\\/\\\/circular.berlin\\\/community\\\/ecosystem\\\/#primaryimage\",\"url\":\"https:\\\/\\\/circular.berlin\\\/wp-content\\\/uploads\\\/2025\\\/10\\\/Blue-Loop-Header.svg\",\"contentUrl\":\"https:\\\/\\\/circular.berlin\\\/wp-content\\\/uploads\\\/2025\\\/10\\\/Blue-Loop-Header.svg\"},{\"@type\":\"BreadcrumbList\",\"@id\":\"https:\\\/\\\/circular.berlin\\\/community\\\/ecosystem\\\/#breadcrumb\",\"itemListElement\":[{\"@type\":\"ListItem\",\"position\":1,\"name\":\"Home\",\"item\":\"https:\\\/\\\/circular.berlin\\\/\"},{\"@type\":\"ListItem\",\"position\":2,\"name\":\"Community\",\"item\":\"https:\\\/\\\/circular.berlin\\\/community\\\/\"},{\"@type\":\"ListItem\",\"position\":3,\"name\":\"Ecosystem\"}]},{\"@type\":\"WebSite\",\"@id\":\"https:\\\/\\\/circular.berlin\\\/#website\",\"url\":\"https:\\\/\\\/circular.berlin\\\/\",\"name\":\"Circular Berlin\",\"description\":\"Accelerating Berlin\u2019s transition towards a circular city.\",\"publisher\":{\"@id\":\"https:\\\/\\\/circular.berlin\\\/#organization\"},\"potentialAction\":[{\"@type\":\"SearchAction\",\"target\":{\"@type\":\"EntryPoint\",\"urlTemplate\":\"https:\\\/\\\/circular.berlin\\\/?s={search_term_string}\"},\"query-input\":{\"@type\":\"PropertyValueSpecification\",\"valueRequired\":true,\"valueName\":\"search_term_string\"}}],\"inLanguage\":\"de\"},{\"@type\":\"Organization\",\"@id\":\"https:\\\/\\\/circular.berlin\\\/#organization\",\"name\":\"Circular Berlin\",\"url\":\"https:\\\/\\\/circular.berlin\\\/\",\"logo\":{\"@type\":\"ImageObject\",\"inLanguage\":\"de\",\"@id\":\"https:\\\/\\\/circular.berlin\\\/#\\\/schema\\\/logo\\\/image\\\/\",\"url\":\"https:\\\/\\\/circular.berlin\\\/wp-content\\\/uploads\\\/2026\\\/02\\\/CB_Logo.svg\",\"contentUrl\":\"https:\\\/\\\/circular.berlin\\\/wp-content\\\/uploads\\\/2026\\\/02\\\/CB_Logo.svg\",\"width\":452,\"height\":58,\"caption\":\"Circular Berlin\"},\"image\":{\"@id\":\"https:\\\/\\\/circular.berlin\\\/#\\\/schema\\\/logo\\\/image\\\/\"},\"sameAs\":[\"https:\\\/\\\/www.facebook.com\\\/circularBerlin\"]}]}<\/script>\n<!-- \/ Yoast SEO plugin. -->","yoast_head_json":{"title":"Ecosystem - Circular Berlin","robots":{"index":"index","follow":"follow","max-snippet":"max-snippet:-1","max-image-preview":"max-image-preview:large","max-video-preview":"max-video-preview:-1"},"canonical":"https:\/\/circular.berlin\/de\/community\/ecosystem\/","og_locale":"de_DE","og_type":"article","og_title":"Ecosystem - Circular Berlin","og_description":"A thriving circular economy needs more than ideas \u2014 it needs structural change.\u2028 In the Circular Market impact area, we focus on transforming economic conditions: finance mechanisms, investment logic, and market incentives. Our programs bring together capital providers, entrepreneurs, and decision-makers to redesign how businesses create, share, and sustain value \u2014 for Berlin and beyond. [&hellip;]","og_url":"https:\/\/circular.berlin\/de\/community\/ecosystem\/","og_site_name":"Circular Berlin","article_publisher":"https:\/\/www.facebook.com\/circularBerlin","article_modified_time":"2026-01-30T15:33:22+00:00","og_image":[{"url":"https:\/\/circular.berlin\/wp-content\/uploads\/2025\/10\/Blue-Loop-Header.svg","type":"","width":"","height":""}],"twitter_card":"summary_large_image","twitter_misc":{"Gesch\u00e4tzte Lesezeit":"1\u00a0Minute"},"schema":{"@context":"https:\/\/schema.org","@graph":[{"@type":"WebPage","@id":"https:\/\/circular.berlin\/community\/ecosystem\/","url":"https:\/\/circular.berlin\/community\/ecosystem\/","name":"Ecosystem - Circular Berlin","isPartOf":{"@id":"https:\/\/circular.berlin\/#website"},"primaryImageOfPage":{"@id":"https:\/\/circular.berlin\/community\/ecosystem\/#primaryimage"},"image":{"@id":"https:\/\/circular.berlin\/community\/ecosystem\/#primaryimage"},"thumbnailUrl":"https:\/\/circular.berlin\/wp-content\/uploads\/2025\/10\/Blue-Loop-Header.svg","datePublished":"2021-06-28T09:04:15+00:00","dateModified":"2026-01-30T15:33:22+00:00","breadcrumb":{"@id":"https:\/\/circular.berlin\/community\/ecosystem\/#breadcrumb"},"inLanguage":"de","potentialAction":[{"@type":"ReadAction","target":["https:\/\/circular.berlin\/community\/ecosystem\/"]}]},{"@type":"ImageObject","inLanguage":"de","@id":"https:\/\/circular.berlin\/community\/ecosystem\/#primaryimage","url":"https:\/\/circular.berlin\/wp-content\/uploads\/2025\/10\/Blue-Loop-Header.svg","contentUrl":"https:\/\/circular.berlin\/wp-content\/uploads\/2025\/10\/Blue-Loop-Header.svg"},{"@type":"BreadcrumbList","@id":"https:\/\/circular.berlin\/community\/ecosystem\/#breadcrumb","itemListElement":[{"@type":"ListItem","position":1,"name":"Home","item":"https:\/\/circular.berlin\/"},{"@type":"ListItem","position":2,"name":"Community","item":"https:\/\/circular.berlin\/community\/"},{"@type":"ListItem","position":3,"name":"Ecosystem"}]},{"@type":"WebSite","@id":"https:\/\/circular.berlin\/#website","url":"https:\/\/circular.berlin\/","name":"Rundschreiben Berlin","description":"Beschleunigung des \u00dcbergangs Berlins zu einer kreisf\u00f6rmigen Stadt.","publisher":{"@id":"https:\/\/circular.berlin\/#organization"},"potentialAction":[{"@type":"SearchAction","target":{"@type":"EntryPoint","urlTemplate":"https:\/\/circular.berlin\/?s={search_term_string}"},"query-input":{"@type":"PropertyValueSpecification","valueRequired":true,"valueName":"search_term_string"}}],"inLanguage":"de"},{"@type":"Organization","@id":"https:\/\/circular.berlin\/#organization","name":"Rundschreiben Berlin","url":"https:\/\/circular.berlin\/","logo":{"@type":"ImageObject","inLanguage":"de","@id":"https:\/\/circular.berlin\/#\/schema\/logo\/image\/","url":"https:\/\/circular.berlin\/wp-content\/uploads\/2026\/02\/CB_Logo.svg","contentUrl":"https:\/\/circular.berlin\/wp-content\/uploads\/2026\/02\/CB_Logo.svg","width":452,"height":58,"caption":"Circular Berlin"},"image":{"@id":"https:\/\/circular.berlin\/#\/schema\/logo\/image\/"},"sameAs":["https:\/\/www.facebook.com\/circularBerlin"]}]}},"_links":{"self":[{"href":"https:\/\/circular.berlin\/de\/wp-json\/wp\/v2\/pages\/8559","targetHints":{"allow":["GET"]}}],"collection":[{"href":"https:\/\/circular.berlin\/de\/wp-json\/wp\/v2\/pages"}],"about":[{"href":"https:\/\/circular.berlin\/de\/wp-json\/wp\/v2\/types\/page"}],"author":[{"embeddable":true,"href":"https:\/\/circular.berlin\/de\/wp-json\/wp\/v2\/users\/1"}],"replies":[{"embeddable":true,"href":"https:\/\/circular.berlin\/de\/wp-json\/wp\/v2\/comments?post=8559"}],"version-history":[{"count":63,"href":"https:\/\/circular.berlin\/de\/wp-json\/wp\/v2\/pages\/8559\/revisions"}],"predecessor-version":[{"id":13327,"href":"https:\/\/circular.berlin\/de\/wp-json\/wp\/v2\/pages\/8559\/revisions\/13327"}],"up":[{"embeddable":true,"href":"https:\/\/circular.berlin\/de\/wp-json\/wp\/v2\/pages\/4838"}],"wp:attachment":[{"href":"https:\/\/circular.berlin\/de\/wp-json\/wp\/v2\/media?parent=8559"}],"wp:term":[{"taxonomy":"unit","embeddable":true,"href":"https:\/\/circular.berlin\/de\/wp-json\/wp\/v2\/unit?post=8559"}],"curies":[{"name":"wp","href":"https:\/\/api.w.org\/{rel}","templated":true}]}}