{"id":9581,"date":"2023-08-31T19:47:17","date_gmt":"2023-08-31T17:47:17","guid":{"rendered":"https:\/\/circular.berlin\/?page_id=9581"},"modified":"2026-02-03T18:13:21","modified_gmt":"2026-02-03T16:13:21","slug":"transparency","status":"publish","type":"page","link":"https:\/\/circular.berlin\/de\/transparency\/","title":{"rendered":"Transparenz"},"content":{"rendered":"<h1 style=\"margin-bottom:var(--wp--preset--spacing--50);margin-top:var(--wp--preset--spacing--40);\" class=\"alignwide wp-block-post-title\">Transparenz<\/h1>\n\n\n<div class=\"wp-block-group alignwide is-layout-flow wp-block-group-is-layout-flow\" style=\"margin-bottom:var(--wp--preset--spacing--60);padding-right:0;padding-left:0\">\n<p>Wir verpflichten uns, die folgenden zehn Informationen der \u00d6ffentlichkeit zur Verf\u00fcgung zu stellen und aktuell zu halten:<\/p>\n\n\n\n<p><strong>1. Name, Sitz, Anschrift und Gr\u00fcndungsjahr <\/strong>der Organisation:<br>\nCircular City - Zirkul\u00e4re Stadt e.V. (Zirkul\u00e4res Berlin)<br>\nRheinsberger Stra\u00dfe 34<br>\n10435 Berlin<br>\ngegr\u00fcndet 2018, als Verein eingetragen 2019<\/p>\n\n\n\n<p><strong>2. Vollst\u00e4ndige Satzung <\/strong>sowie weitere wichtige Dokumente:<br>\nSatzung siehe Seite \u201e<a href=\"https:\/\/circular.berlin\/de\/satzung\/\" target=\"_blank\" rel=\"noopener\">Satzung<\/a>\u201c<br>\nMission und Ziele siehe Seite \u201e<a href=\"https:\/\/circular.berlin\/de\/mission\/\" target=\"_blank\" rel=\"noopener\">Mission<\/a>\u201e<\/p>\n\n\n\n<p><strong>3. Datum des j\u00fcngsten Bescheides vom Finanzamt<\/strong> \u00fcber die Anerkennung als steuerbeg\u00fcnstigte (gemeinn\u00fctzige) K\u00f6rperschaft:<br>\nWir sind wegen F\u00f6rderung (Umweltschutz, Verbraucherberatung und Verbraucherschutz) nach der Anlage zum K\u00f6rperschaftsteuerbescheid des Finanzamtes StNr 27\/662\/58447 vom 02.09.2020 f\u00fcr den letzten Veranlagungszeitraum K\u00f6rperschaftsteuer und nach \u00a7 3 Nr. 6 des Gewerbesteuergesetzes von der Gewerbesteuer befreit.<\/p>\n\n\n\n<p><strong>4. Name und Funktion der wesentlichen Entscheidungstr\u00e4ger:innen:<\/strong><br>\nDie Vorstandsmitglieder sind auf der Seite \u201e<a href=\"https:\/\/circular.berlin\/de\/who\/\" target=\"_blank\" rel=\"noopener\">Wer<\/a>\u201c und \u201c<a href=\"https:\/\/circular.berlin\/de\/imprint\/\">Impressum<\/a>\u201d aufgelistet.<\/p>\n\n\n\n<p><strong>5. Bericht \u00fcber die T\u00e4tigkeiten<\/strong> unserer Organisation:<br>\nProjekte auf der Seite \u201e<a href=\"https:\/\/circular.berlin\/de\/mission\/projects\/\">Projekte<\/a>\u201e<br>\nAktuelle Veranstaltungen auf der Seite \u201e<a href=\"https:\/\/circular.berlin\/de\/community\/calendar\/\">Kalendar<\/a>\u201e<br>\nLaufende Neuigkeiten \u00fcber unsere Aktivit\u00e4ten im <a href=\"https:\/\/circular.berlin\/de\/mission\/news\/\" target=\"_blank\" rel=\"noopener\">Aktuelles<\/a>\u201e<br>\nDie j\u00e4hrlichen \u00dcbersichten f\u00fcr <a href=\"https:\/\/circular.berlin\/de\/circular-berlins-2023-in-a-nutshell\/\">2023<\/a>, <a href=\"https:\/\/circular.berlin\/de\/circular-berlins-2022-in-a-nutshell\/\">2022<\/a> , <a href=\"https:\/\/circular.berlin\/de\/circular-berlins-2021-in-a-nutshell\/\">2021<\/a>, <a href=\"https:\/\/circular.berlin\/de\/circular-berlins-2020-in-a-nutshell\/\">2020<\/a>, <a href=\"https:\/\/circular.berlin\/de\/circular-berlins-2019-in-a-nutshell\/\">2019<\/a><\/p>\n\n\n\n<p><strong>6. Personalstruktur<\/strong>:<\/p>\n\n\n\n<p>Circular Berlin ist ein ehrenamtlicher Verein, bei dem alle Vorstandsmitglieder ihre T\u00e4tigkeiten ehrenamtlich ausf\u00fchren. Zur Sicherstellung der Grundfunktionen des Vereins und zur schrittweisen Professionalisierung bis einschlie\u00dflich 2022 fungieren Dina Padalkina, Arianna Nicoletti, Candela Fernandez, Ronja Scholz und Tobias Jaenecke auch als Honorarkr\u00e4fte. Sie erhalten eine Verg\u00fctung f\u00fcr Aufgaben, die \u00fcber ihre Verantwortlichkeiten als Vorstandsmitglieder hinausgehen. Zus\u00e4tzlich zu diesen ehrenamtlichen und honorarbezogenen T\u00e4tigkeiten besch\u00e4ftigte Circular Berlin bis 2022 eine festangestellte Mitarbeiterin.<\/p>\n\n\n\n<p>Ab 2023 hat der Verein Circular City e.V. insgesamt f\u00fcnf festangestellte Mitarbeiterinnen, die alle in Teilzeit arbeiten.<\/p>\n\n\n\n<p><strong>7. &amp; 8.  Mittelherkunft<\/strong> &amp; <strong>Mittelverwendung<\/strong>: Siehe Liste der <a href=\"https:\/\/circularberlin.gitbook.io\/circular-berlin\/organisation\/financial-model\" target=\"_blank\" rel=\"noopener\">Finanz\u00fcbersicht&nbsp;<\/a><\/p>\n\n\n\n<p><strong>9. Gesellschaftsrechtliche Verbundenheit<\/strong>:<br>\nCircular City - Zirkul\u00e4re Stadt e.V. (Circular Berlin) hat keine Mutter- oder Tochterorganisationen oder -gesellschaften.<\/p>\n\n\n\n<p><strong>10. Namen von Personen, deren j\u00e4hrliche Zuwendung mehr als zehn Prozent unserer gesamten Jahreseinnahmen ausmachen<\/strong>:<\/p>\n\n\n\n<p>F\u00fcr die erfolgreichen Projekte von Circular City-Zirkul\u00e4re Stadt e.V. erh\u00e4lt der Verein F\u00f6rdermittel f\u00fcr gemeinn\u00fctzige Zwecke. \u00dcber zehn Prozent der gesamten Vereinsmittel von Circular City-Zirkul\u00e4re Stadt e.V. stammen von folgenden F\u00f6rderern:<\/p>\n\n\n\n<p><strong>2022:<\/strong><\/p>\n\n\n\n<ul class=\"wp-block-list\">\n<li>Berlin Tourismus &amp; Kongress GmbH: 30% (im Rahmen von Dienstleistungen)<\/li>\n\n\n\n<li>Senatsverwaltung f\u00fcr Umwelt, Mobilit\u00e4t, Verbraucher- und Klimaschutz: 14,4%<\/li>\n\n\n\n<li>Impact Hub Berlin GmbH: 14% (im Rahmen von Dienstleistungen)<\/li>\n<\/ul>\n\n\n\n<p><strong>2021:<\/strong><\/p>\n\n\n\n<ul class=\"wp-block-list\">\n<li>Senatsverwaltung f\u00fcr Umwelt, Mobilit\u00e4t, Verbraucher- und Klimaschutz: 53%<\/li>\n\n\n\n<li>Deutsche Bundesstiftung Umwelt: 16,7%<\/li>\n<\/ul>\n<\/div>","protected":false},"excerpt":{"rendered":"<p>Wir verpflichten uns, die folgenden zehn Informationen der \u00d6ffentlichkeit zur Verf\u00fcgung zu stellen und aktuell zu halten: 1. Name, Sitz, Anschrift und Gr\u00fcndungsjahr der Organisation: Circular City \u2013 Zirkul\u00e4re Stadt e.V. (Circular Berlin) Rheinsberger Stra\u00dfe 34 10435 Berlin gegr\u00fcndet 2018, als Verein eingetragen 2019 2. Vollst\u00e4ndige Satzung sowie weitere wesentliche Dokumente: Satzung siehe Seite \u201eSatzung\u201c [&hellip;]<\/p>\n","protected":false},"author":1,"featured_media":0,"parent":0,"menu_order":0,"comment_status":"closed","ping_status":"closed","template":"","meta":{"_acf_changed":false,"footnotes":""},"unit":[],"class_list":["post-9581","page","type-page","status-publish","hentry"],"acf":[],"yoast_head":"<!-- This site is optimized with the Yoast SEO plugin v27.3 - https:\/\/yoast.com\/product\/yoast-seo-wordpress\/ -->\n<title>Transparency - Circular Berlin<\/title>\n<meta name=\"robots\" content=\"index, follow, max-snippet:-1, max-image-preview:large, max-video-preview:-1\" \/>\n<link rel=\"canonical\" href=\"https:\/\/circular.berlin\/de\/transparency\/\" \/>\n<meta property=\"og:locale\" content=\"de_DE\" \/>\n<meta property=\"og:type\" content=\"article\" \/>\n<meta property=\"og:title\" content=\"Transparency - Circular Berlin\" \/>\n<meta property=\"og:description\" content=\"Wir verpflichten uns, die folgenden zehn Informationen der \u00d6ffentlichkeit zur Verf\u00fcgung zu stellen und aktuell zu halten: 1. Name, Sitz, Anschrift und Gr\u00fcndungsjahr der Organisation: Circular City \u2013 Zirkul\u00e4re Stadt e.V. (Circular Berlin) Rheinsberger Stra\u00dfe 34 10435 Berlin gegr\u00fcndet 2018, als Verein eingetragen 2019 2. Vollst\u00e4ndige Satzung sowie weitere wesentliche Dokumente: Satzung siehe Seite \u201eSatzung\u201c [&hellip;]\" \/>\n<meta property=\"og:url\" content=\"https:\/\/circular.berlin\/de\/transparency\/\" \/>\n<meta property=\"og:site_name\" content=\"Circular Berlin\" \/>\n<meta property=\"article:publisher\" content=\"https:\/\/www.facebook.com\/circularBerlin\" \/>\n<meta property=\"article:modified_time\" content=\"2026-02-03T16:13:21+00:00\" \/>\n<meta name=\"twitter:card\" content=\"summary_large_image\" \/>\n<meta name=\"twitter:label1\" content=\"Gesch\u00e4tzte Lesezeit\" \/>\n\t<meta name=\"twitter:data1\" content=\"2\u00a0Minuten\" \/>\n<script type=\"application\/ld+json\" class=\"yoast-schema-graph\">{\"@context\":\"https:\\\/\\\/schema.org\",\"@graph\":[{\"@type\":\"WebPage\",\"@id\":\"https:\\\/\\\/circular.berlin\\\/transparency\\\/\",\"url\":\"https:\\\/\\\/circular.berlin\\\/transparency\\\/\",\"name\":\"Transparency - Circular Berlin\",\"isPartOf\":{\"@id\":\"https:\\\/\\\/circular.berlin\\\/#website\"},\"datePublished\":\"2023-08-31T17:47:17+00:00\",\"dateModified\":\"2026-02-03T16:13:21+00:00\",\"breadcrumb\":{\"@id\":\"https:\\\/\\\/circular.berlin\\\/transparency\\\/#breadcrumb\"},\"inLanguage\":\"de\",\"potentialAction\":[{\"@type\":\"ReadAction\",\"target\":[\"https:\\\/\\\/circular.berlin\\\/transparency\\\/\"]}]},{\"@type\":\"BreadcrumbList\",\"@id\":\"https:\\\/\\\/circular.berlin\\\/transparency\\\/#breadcrumb\",\"itemListElement\":[{\"@type\":\"ListItem\",\"position\":1,\"name\":\"Home\",\"item\":\"https:\\\/\\\/circular.berlin\\\/\"},{\"@type\":\"ListItem\",\"position\":2,\"name\":\"Transparency\"}]},{\"@type\":\"WebSite\",\"@id\":\"https:\\\/\\\/circular.berlin\\\/#website\",\"url\":\"https:\\\/\\\/circular.berlin\\\/\",\"name\":\"Circular Berlin\",\"description\":\"Accelerating Berlin\u2019s transition towards a circular city.\",\"publisher\":{\"@id\":\"https:\\\/\\\/circular.berlin\\\/#organization\"},\"potentialAction\":[{\"@type\":\"SearchAction\",\"target\":{\"@type\":\"EntryPoint\",\"urlTemplate\":\"https:\\\/\\\/circular.berlin\\\/?s={search_term_string}\"},\"query-input\":{\"@type\":\"PropertyValueSpecification\",\"valueRequired\":true,\"valueName\":\"search_term_string\"}}],\"inLanguage\":\"de\"},{\"@type\":\"Organization\",\"@id\":\"https:\\\/\\\/circular.berlin\\\/#organization\",\"name\":\"Circular Berlin\",\"url\":\"https:\\\/\\\/circular.berlin\\\/\",\"logo\":{\"@type\":\"ImageObject\",\"inLanguage\":\"de\",\"@id\":\"https:\\\/\\\/circular.berlin\\\/#\\\/schema\\\/logo\\\/image\\\/\",\"url\":\"https:\\\/\\\/circular.berlin\\\/wp-content\\\/uploads\\\/2026\\\/02\\\/CB_Logo.svg\",\"contentUrl\":\"https:\\\/\\\/circular.berlin\\\/wp-content\\\/uploads\\\/2026\\\/02\\\/CB_Logo.svg\",\"width\":452,\"height\":58,\"caption\":\"Circular Berlin\"},\"image\":{\"@id\":\"https:\\\/\\\/circular.berlin\\\/#\\\/schema\\\/logo\\\/image\\\/\"},\"sameAs\":[\"https:\\\/\\\/www.facebook.com\\\/circularBerlin\"]}]}<\/script>\n<!-- \/ Yoast SEO plugin. -->","yoast_head_json":{"title":"Transparenz - Rundschreiben Berlin","robots":{"index":"index","follow":"follow","max-snippet":"max-snippet:-1","max-image-preview":"max-image-preview:large","max-video-preview":"max-video-preview:-1"},"canonical":"https:\/\/circular.berlin\/de\/transparency\/","og_locale":"de_DE","og_type":"article","og_title":"Transparency - Circular Berlin","og_description":"Wir verpflichten uns, die folgenden zehn Informationen der \u00d6ffentlichkeit zur Verf\u00fcgung zu stellen und aktuell zu halten: 1. Name, Sitz, Anschrift und Gr\u00fcndungsjahr der Organisation: Circular City \u2013 Zirkul\u00e4re Stadt e.V. (Circular Berlin) Rheinsberger Stra\u00dfe 34 10435 Berlin gegr\u00fcndet 2018, als Verein eingetragen 2019 2. Vollst\u00e4ndige Satzung sowie weitere wesentliche Dokumente: Satzung siehe Seite \u201eSatzung\u201c [&hellip;]","og_url":"https:\/\/circular.berlin\/de\/transparency\/","og_site_name":"Circular Berlin","article_publisher":"https:\/\/www.facebook.com\/circularBerlin","article_modified_time":"2026-02-03T16:13:21+00:00","twitter_card":"summary_large_image","twitter_misc":{"Gesch\u00e4tzte Lesezeit":"2\u00a0Minuten"},"schema":{"@context":"https:\/\/schema.org","@graph":[{"@type":"WebPage","@id":"https:\/\/circular.berlin\/transparency\/","url":"https:\/\/circular.berlin\/transparency\/","name":"Transparenz - Rundschreiben Berlin","isPartOf":{"@id":"https:\/\/circular.berlin\/#website"},"datePublished":"2023-08-31T17:47:17+00:00","dateModified":"2026-02-03T16:13:21+00:00","breadcrumb":{"@id":"https:\/\/circular.berlin\/transparency\/#breadcrumb"},"inLanguage":"de","potentialAction":[{"@type":"ReadAction","target":["https:\/\/circular.berlin\/transparency\/"]}]},{"@type":"BreadcrumbList","@id":"https:\/\/circular.berlin\/transparency\/#breadcrumb","itemListElement":[{"@type":"ListItem","position":1,"name":"Home","item":"https:\/\/circular.berlin\/"},{"@type":"ListItem","position":2,"name":"Transparency"}]},{"@type":"WebSite","@id":"https:\/\/circular.berlin\/#website","url":"https:\/\/circular.berlin\/","name":"Rundschreiben Berlin","description":"Beschleunigung des \u00dcbergangs Berlins zu einer kreisf\u00f6rmigen Stadt.","publisher":{"@id":"https:\/\/circular.berlin\/#organization"},"potentialAction":[{"@type":"SearchAction","target":{"@type":"EntryPoint","urlTemplate":"https:\/\/circular.berlin\/?s={search_term_string}"},"query-input":{"@type":"PropertyValueSpecification","valueRequired":true,"valueName":"search_term_string"}}],"inLanguage":"de"},{"@type":"Organization","@id":"https:\/\/circular.berlin\/#organization","name":"Rundschreiben Berlin","url":"https:\/\/circular.berlin\/","logo":{"@type":"ImageObject","inLanguage":"de","@id":"https:\/\/circular.berlin\/#\/schema\/logo\/image\/","url":"https:\/\/circular.berlin\/wp-content\/uploads\/2026\/02\/CB_Logo.svg","contentUrl":"https:\/\/circular.berlin\/wp-content\/uploads\/2026\/02\/CB_Logo.svg","width":452,"height":58,"caption":"Circular Berlin"},"image":{"@id":"https:\/\/circular.berlin\/#\/schema\/logo\/image\/"},"sameAs":["https:\/\/www.facebook.com\/circularBerlin"]}]}},"_links":{"self":[{"href":"https:\/\/circular.berlin\/de\/wp-json\/wp\/v2\/pages\/9581","targetHints":{"allow":["GET"]}}],"collection":[{"href":"https:\/\/circular.berlin\/de\/wp-json\/wp\/v2\/pages"}],"about":[{"href":"https:\/\/circular.berlin\/de\/wp-json\/wp\/v2\/types\/page"}],"author":[{"embeddable":true,"href":"https:\/\/circular.berlin\/de\/wp-json\/wp\/v2\/users\/1"}],"replies":[{"embeddable":true,"href":"https:\/\/circular.berlin\/de\/wp-json\/wp\/v2\/comments?post=9581"}],"version-history":[{"count":12,"href":"https:\/\/circular.berlin\/de\/wp-json\/wp\/v2\/pages\/9581\/revisions"}],"predecessor-version":[{"id":13155,"href":"https:\/\/circular.berlin\/de\/wp-json\/wp\/v2\/pages\/9581\/revisions\/13155"}],"wp:attachment":[{"href":"https:\/\/circular.berlin\/de\/wp-json\/wp\/v2\/media?parent=9581"}],"wp:term":[{"taxonomy":"unit","embeddable":true,"href":"https:\/\/circular.berlin\/de\/wp-json\/wp\/v2\/unit?post=9581"}],"curies":[{"name":"wp","href":"https:\/\/api.w.org\/{rel}","templated":true}]}}